{"id":21899,"date":"2024-07-23T15:33:53","date_gmt":"2024-07-23T15:33:53","guid":{"rendered":"https:\/\/v2smt.com\/?post_type=product&#038;p=21899"},"modified":"2024-08-22T17:03:57","modified_gmt":"2024-08-22T17:03:57","slug":"mso-450-offline-selective-soldering-machine","status":"publish","type":"product","link":"https:\/\/v2smt.com\/es\/products\/mso-450-offline-selective-soldering-machine\/","title":{"rendered":"MSO-450 M\u00e1quina de soldadura selectiva fuera de l\u00ednea"},"content":{"rendered":"<p>Dise\u00f1o compacto fuera de l\u00ednea: Ocupa poco espacio y se integra f\u00e1cilmente en las l\u00edneas de producci\u00f3n.<\/p>\n<p>Movimiento de PCB con plataformas fijas: Mejora la precisi\u00f3n en la soldadura con una plataforma fija de pulverizaci\u00f3n, precalentamiento y soldadura.<\/p>\n<p>Soldadura de alta calidad: Garantiza resultados de soldadura superiores mediante sistemas de control avanzados.<\/p>\n<p>Formaci\u00f3n de l\u00ednea flexible: Adaptable a diversas configuraciones de l\u00ednea de producci\u00f3n.<\/p>\n<p>Control total por ordenador: Los par\u00e1metros se ajustan y guardan en un ordenador para garantizar la repetibilidad.<\/p>\n<p>Software f\u00e1cil de usar: basado en Windows 10 para facilitar el funcionamiento y la trazabilidad.<\/p>\n<p>Plataforma de movimiento XYZ: Equipada con husillos de bolas, gu\u00edas lineales y servomotores para un movimiento preciso de la placa de circuito impreso.<\/p>\n<p>Sistema de pulverizaci\u00f3n selectiva: Utiliza una v\u00e1lvula piezoel\u00e9ctrica de fabricaci\u00f3n alemana para una aplicaci\u00f3n precisa del fundente.<\/p>\n<p>Sistema de precalentamiento: Dispone de l\u00e1mparas de infrarrojos para el precalentamiento superior e inferior, ajustables por ordenador.<\/p>\n<p>Soldador selectivo: Interior de aleaci\u00f3n de titanio con calentamiento externo para una distribuci\u00f3n uniforme del calor y sin fugas.<\/p>","protected":false},"excerpt":{"rendered":"<p>La MSO-450 es una m\u00e1quina de soldadura selectiva offline dise\u00f1ada para realizar soldaduras de alta calidad con un sistema compacto y flexible. Incorpora un completo sistema de control por ordenador que permite configurar y guardar par\u00e1metros, garantizando la trazabilidad y repetibilidad del proceso de soldadura. La m\u00e1quina incluye una plataforma de movimiento de tres ejes para el desplazamiento de las placas de circuito impreso, un sistema de pulverizaci\u00f3n selectiva, un sistema de precalentamiento y un calder\u00edn de soldadura selectiva, todo ello integrado en una robusta estructura de acero para mayor estabilidad y precisi\u00f3n.<\/p>","protected":false},"featured_media":21699,"comment_status":"open","ping_status":"closed","template":"","meta":{"iawp_total_views":48},"etheme_brands":[],"product_brand":[],"product_cat":[139,138],"product_tag":[],"class_list":{"0":"post-21899","1":"product","2":"type-product","3":"status-publish","4":"has-post-thumbnail","6":"product_cat-selective-wave-soldering","7":"product_cat-wave-soldering","9":"first","10":"instock","11":"shipping-taxable","12":"product-type-simple"},"_links":{"self":[{"href":"https:\/\/v2smt.com\/es\/wp-json\/wp\/v2\/product\/21899","targetHints":{"allow":["GET"]}}],"collection":[{"href":"https:\/\/v2smt.com\/es\/wp-json\/wp\/v2\/product"}],"about":[{"href":"https:\/\/v2smt.com\/es\/wp-json\/wp\/v2\/types\/product"}],"replies":[{"embeddable":true,"href":"https:\/\/v2smt.com\/es\/wp-json\/wp\/v2\/comments?post=21899"}],"version-history":[{"count":0,"href":"https:\/\/v2smt.com\/es\/wp-json\/wp\/v2\/product\/21899\/revisions"}],"wp:featuredmedia":[{"embeddable":true,"href":"https:\/\/v2smt.com\/es\/wp-json\/wp\/v2\/media\/21699"}],"wp:attachment":[{"href":"https:\/\/v2smt.com\/es\/wp-json\/wp\/v2\/media?parent=21899"}],"wp:term":[{"taxonomy":"brand","embeddable":true,"href":"https:\/\/v2smt.com\/es\/wp-json\/wp\/v2\/etheme_brands?post=21899"},{"taxonomy":"product_brand","embeddable":true,"href":"https:\/\/v2smt.com\/es\/wp-json\/wp\/v2\/product_brand?post=21899"},{"taxonomy":"product_cat","embeddable":true,"href":"https:\/\/v2smt.com\/es\/wp-json\/wp\/v2\/product_cat?post=21899"},{"taxonomy":"product_tag","embeddable":true,"href":"https:\/\/v2smt.com\/es\/wp-json\/wp\/v2\/product_tag?post=21899"}],"curies":[{"name":"wp","href":"https:\/\/api.w.org\/{rel}","templated":true}]}}