{"id":21897,"date":"2024-07-23T15:33:53","date_gmt":"2024-07-23T15:33:53","guid":{"rendered":"https:\/\/v2smt.com\/?post_type=product&#038;p=21897"},"modified":"2024-08-22T17:03:57","modified_gmt":"2024-08-22T17:03:57","slug":"msi-400to-selective-wave-solder-machine","status":"publish","type":"product","link":"https:\/\/v2smt.com\/es\/products\/msi-400to-selective-wave-solder-machine\/","title":{"rendered":"M\u00e1quina de soldadura por ola selectiva MSI-400TO"},"content":{"rendered":"<p>Funcionalidad todo en uno: Acomoda tres placas de circuito impreso en diferentes etapas para aumentar la productividad.<\/p>\n<p>Plataformas independientes de fluxado y soldadura: Garantiza un tratamiento especializado para cada proceso.<\/p>\n<p>Alta calidad de soldadura: Mejora la tasa de paso directo de soldadura con control de precisi\u00f3n.<\/p>\n<p>Conexi\u00f3n en l\u00ednea SMEMA: Admite la formaci\u00f3n flexible de l\u00edneas y la integraci\u00f3n en los sistemas de producci\u00f3n existentes.<\/p>\n<p>Control total por PC: Los par\u00e1metros se ajustan y guardan en un ordenador para facilitar la trazabilidad y la repetibilidad.<\/p>\n<p>Software personalizable: basado en Windows 7, ofrece un funcionamiento sencillo y una buena trazabilidad.<\/p>\n<p>Visualizaci\u00f3n del proceso de soldadura en directo: Supervisa el proceso de soldadura en tiempo real a trav\u00e9s de una c\u00e1mara.<\/p>\n<p>Supervisi\u00f3n de par\u00e1metros cr\u00edticos: El software supervisa la temperatura, la velocidad, la presi\u00f3n y mucho m\u00e1s.<\/p>\n<p>Calibraci\u00f3n autom\u00e1tica de la altura de las olas: Caracter\u00edstica actualizable para una estabilidad constante de las olas.<\/p>\n<p>Sistema de transporte integrado: Transporte suave de placas de circuito impreso con anchura y presi\u00f3n ajustables.<\/p>","protected":false},"excerpt":{"rendered":"<p>La MSI-400TO es una m\u00e1quina de soldadura selectiva de \u00faltima generaci\u00f3n dise\u00f1ada para una producci\u00f3n de alto rendimiento. Integra una completa gama de funcionalidades en una sola unidad, capaz de alojar tres placas de circuito impreso o pal\u00e9s simult\u00e1neamente en los procesos de fundido, precalentamiento y soldadura. La m\u00e1quina est\u00e1 dise\u00f1ada para ofrecer eficacia, calidad y flexibilidad, es compatible con el transporte en l\u00ednea SMEMA y ofrece control total por PC para la configuraci\u00f3n de par\u00e1metros y la trazabilidad.<\/p>","protected":false},"featured_media":21695,"comment_status":"open","ping_status":"closed","template":"","meta":{"iawp_total_views":59},"etheme_brands":[],"product_brand":[],"product_cat":[139,138],"product_tag":[],"class_list":{"0":"post-21897","1":"product","2":"type-product","3":"status-publish","4":"has-post-thumbnail","6":"product_cat-selective-wave-soldering","7":"product_cat-wave-soldering","9":"first","10":"instock","11":"shipping-taxable","12":"product-type-simple"},"_links":{"self":[{"href":"https:\/\/v2smt.com\/es\/wp-json\/wp\/v2\/product\/21897","targetHints":{"allow":["GET"]}}],"collection":[{"href":"https:\/\/v2smt.com\/es\/wp-json\/wp\/v2\/product"}],"about":[{"href":"https:\/\/v2smt.com\/es\/wp-json\/wp\/v2\/types\/product"}],"replies":[{"embeddable":true,"href":"https:\/\/v2smt.com\/es\/wp-json\/wp\/v2\/comments?post=21897"}],"version-history":[{"count":0,"href":"https:\/\/v2smt.com\/es\/wp-json\/wp\/v2\/product\/21897\/revisions"}],"wp:featuredmedia":[{"embeddable":true,"href":"https:\/\/v2smt.com\/es\/wp-json\/wp\/v2\/media\/21695"}],"wp:attachment":[{"href":"https:\/\/v2smt.com\/es\/wp-json\/wp\/v2\/media?parent=21897"}],"wp:term":[{"taxonomy":"brand","embeddable":true,"href":"https:\/\/v2smt.com\/es\/wp-json\/wp\/v2\/etheme_brands?post=21897"},{"taxonomy":"product_brand","embeddable":true,"href":"https:\/\/v2smt.com\/es\/wp-json\/wp\/v2\/product_brand?post=21897"},{"taxonomy":"product_cat","embeddable":true,"href":"https:\/\/v2smt.com\/es\/wp-json\/wp\/v2\/product_cat?post=21897"},{"taxonomy":"product_tag","embeddable":true,"href":"https:\/\/v2smt.com\/es\/wp-json\/wp\/v2\/product_tag?post=21897"}],"curies":[{"name":"wp","href":"https:\/\/api.w.org\/{rel}","templated":true}]}}