{"id":21893,"date":"2024-07-23T15:33:52","date_gmt":"2024-07-23T15:33:52","guid":{"rendered":"https:\/\/v2smt.com\/?post_type=product&#038;p=21893"},"modified":"2024-08-22T17:03:57","modified_gmt":"2024-08-22T17:03:57","slug":"mso-300b-offline-selective-soldering-machine","status":"publish","type":"product","link":"https:\/\/v2smt.com\/es\/products\/mso-300b-offline-selective-soldering-machine\/","title":{"rendered":"MSO-300B M\u00e1quina de soldadura selectiva fuera de l\u00ednea"},"content":{"rendered":"<p>Dise\u00f1o de m\u00e1quina todo en uno: Compacta y totalmente funcional para ahorrar espacio.<\/p>\n<p>Movimiento de PCB con boquillas fijas: Garantiza la precisi\u00f3n en la soldadura con un fundente y un soldador fijos.<\/p>\n<p>Soldadura de alta calidad: Ofrece excelentes resultados de soldadura mediante avanzados sistemas de control.<\/p>\n<p>Integraci\u00f3n flexible en la l\u00ednea de producci\u00f3n: Puede colocarse f\u00e1cilmente junto a la l\u00ednea de producci\u00f3n para un uso c\u00f3modo.<\/p>\n<p>Control total por PC: Los par\u00e1metros se ajustan y guardan en un ordenador para facilitar la trazabilidad y la repetibilidad.<\/p>\n<p>Software basado en Windows 10: Ofrece un funcionamiento sencillo y una buena trazabilidad.<\/p>\n<p>Mesa de movimiento XYZ: Equipada con servomotores y motores paso a paso para un movimiento preciso de la placa de circuito impreso.<\/p>\n<p>V\u00e1lvula de chorro de fundente importado: Se adapta a varios tipos de fundente para un rendimiento fiable.<\/p>\n<p>Soldador de aleaci\u00f3n de titanio y acero inoxidable: Garantiza la ausencia de fugas y una transferencia uniforme del calor.<\/p>\n<p>Sistema de calentamiento en l\u00ednea N2: Reduce la escoria de soldadura y mejora la perfecci\u00f3n de humectaci\u00f3n.<\/p>","protected":false},"excerpt":{"rendered":"<p>La MSO-300B es una m\u00e1quina de soldadura selectiva fuera de l\u00ednea que combina una funcionalidad completa con un dise\u00f1o compacto, ideal para aplicaciones de soldadura de alta calidad. Cuenta con una mesa de movimiento para el desplazamiento de la placa de circuito impreso, una boquilla de fundente fija y un soldador, todo ello controlado por un sistema inform\u00e1tico que permite ajustar y guardar los par\u00e1metros con precisi\u00f3n. La m\u00e1quina garantiza la flexibilidad en la formaci\u00f3n de l\u00edneas de producci\u00f3n y facilita la trazabilidad con su generaci\u00f3n de archivos de configuraci\u00f3n.<\/p>","protected":false},"featured_media":21697,"comment_status":"open","ping_status":"closed","template":"","meta":{"iawp_total_views":122},"etheme_brands":[],"product_brand":[],"product_cat":[139,138],"product_tag":[],"class_list":{"0":"post-21893","1":"product","2":"type-product","3":"status-publish","4":"has-post-thumbnail","6":"product_cat-selective-wave-soldering","7":"product_cat-wave-soldering","9":"first","10":"instock","11":"shipping-taxable","12":"product-type-simple"},"_links":{"self":[{"href":"https:\/\/v2smt.com\/es\/wp-json\/wp\/v2\/product\/21893","targetHints":{"allow":["GET"]}}],"collection":[{"href":"https:\/\/v2smt.com\/es\/wp-json\/wp\/v2\/product"}],"about":[{"href":"https:\/\/v2smt.com\/es\/wp-json\/wp\/v2\/types\/product"}],"replies":[{"embeddable":true,"href":"https:\/\/v2smt.com\/es\/wp-json\/wp\/v2\/comments?post=21893"}],"version-history":[{"count":0,"href":"https:\/\/v2smt.com\/es\/wp-json\/wp\/v2\/product\/21893\/revisions"}],"wp:featuredmedia":[{"embeddable":true,"href":"https:\/\/v2smt.com\/es\/wp-json\/wp\/v2\/media\/21697"}],"wp:attachment":[{"href":"https:\/\/v2smt.com\/es\/wp-json\/wp\/v2\/media?parent=21893"}],"wp:term":[{"taxonomy":"brand","embeddable":true,"href":"https:\/\/v2smt.com\/es\/wp-json\/wp\/v2\/etheme_brands?post=21893"},{"taxonomy":"product_brand","embeddable":true,"href":"https:\/\/v2smt.com\/es\/wp-json\/wp\/v2\/product_brand?post=21893"},{"taxonomy":"product_cat","embeddable":true,"href":"https:\/\/v2smt.com\/es\/wp-json\/wp\/v2\/product_cat?post=21893"},{"taxonomy":"product_tag","embeddable":true,"href":"https:\/\/v2smt.com\/es\/wp-json\/wp\/v2\/product_tag?post=21893"}],"curies":[{"name":"wp","href":"https:\/\/api.w.org\/{rel}","templated":true}]}}