{"id":21889,"date":"2024-07-23T15:33:52","date_gmt":"2024-07-23T15:33:52","guid":{"rendered":"https:\/\/v2smt.com\/?post_type=product&#038;p=21889"},"modified":"2024-08-22T17:03:57","modified_gmt":"2024-08-22T17:03:57","slug":"sm-sp300p-solder-paste-cabinet","status":"publish","type":"product","link":"https:\/\/v2smt.com\/es\/products\/sm-sp300p-solder-paste-cabinet\/","title":{"rendered":"SM-SP300P Armario para pasta de soldadura"},"content":{"rendered":"<p>Gesti\u00f3n automatizada de la temperatura: Mantiene las condiciones \u00f3ptimas para la conservaci\u00f3n de la pasta de soldadura.<\/p>\n<p>Acceso seguro mediante huella dactilar: Mejora la seguridad con identificaci\u00f3n biom\u00e9trica solo para personal autorizado.<\/p>\n<p>Sistema de almacenamiento inteligente: Cuenta con un dise\u00f1o de caj\u00f3n para un almacenamiento organizado y por capas de hasta 300 frascos de pasta de soldadura.<\/p>\n<p>Integraci\u00f3n MES\/SFCS: Facilita el intercambio de datos en tiempo real para mejorar el seguimiento y la eficiencia de la producci\u00f3n.<\/p>\n<p>Sistema de alarma automatizado: Equipado con una luz de alarma de tres colores y un zumbador para alertar inmediatamente en caso de anomal\u00edas.<\/p>\n<p>Conectividad APP en la nube: Permite la supervisi\u00f3n y el control remotos a trav\u00e9s de aplicaciones basadas en la nube.<\/p>\n<p>Gesti\u00f3n avanzada del flujo de trabajo: Agiliza las operaciones desde la alimentaci\u00f3n hasta la recogida con supervisi\u00f3n automatizada para evitar errores humanos.<\/p>\n<p>Dise\u00f1o respetuoso con el medio ambiente: Garantiza la eficiencia energ\u00e9tica y un impacto medioambiental m\u00ednimo con sus sistemas inteligentes.<\/p>\n<p>Interfaz de usuario personalizable: Ofrece una interfaz simplificada en chino para facilitar su uso y agilizar la navegaci\u00f3n.<\/p>\n<p>Capacidad IoT: Admite IoT para el registro de datos, la carga y la integraci\u00f3n con MES para una gesti\u00f3n integral de la trazabilidad.<\/p>","protected":false},"excerpt":{"rendered":"<p>El armario para pasta de soldadura SM-SP300P de Shenzhen Shanmu Automation Equipment Co., Ltd. es una soluci\u00f3n de almacenamiento de \u00faltima generaci\u00f3n dise\u00f1ada para optimizar la gesti\u00f3n de la pasta de soldadura en las industrias SMT. Este armario inteligente garantiza un flujo de trabajo sin interrupciones gracias a su control de temperatura automatizado, almacenamiento de precisi\u00f3n y funciones de seguridad avanzadas, satisfaciendo las demandas de los entornos de fabricaci\u00f3n de alta tecnolog\u00eda.<\/p>","protected":false},"featured_media":21710,"comment_status":"open","ping_status":"closed","template":"","meta":{"iawp_total_views":253},"etheme_brands":[],"product_brand":[],"product_cat":[134],"product_tag":[],"class_list":{"0":"post-21889","1":"product","2":"type-product","3":"status-publish","4":"has-post-thumbnail","6":"product_cat-solder-paste-cabinet","8":"first","9":"instock","10":"shipping-taxable","11":"product-type-simple"},"_links":{"self":[{"href":"https:\/\/v2smt.com\/es\/wp-json\/wp\/v2\/product\/21889","targetHints":{"allow":["GET"]}}],"collection":[{"href":"https:\/\/v2smt.com\/es\/wp-json\/wp\/v2\/product"}],"about":[{"href":"https:\/\/v2smt.com\/es\/wp-json\/wp\/v2\/types\/product"}],"replies":[{"embeddable":true,"href":"https:\/\/v2smt.com\/es\/wp-json\/wp\/v2\/comments?post=21889"}],"version-history":[{"count":0,"href":"https:\/\/v2smt.com\/es\/wp-json\/wp\/v2\/product\/21889\/revisions"}],"wp:featuredmedia":[{"embeddable":true,"href":"https:\/\/v2smt.com\/es\/wp-json\/wp\/v2\/media\/21710"}],"wp:attachment":[{"href":"https:\/\/v2smt.com\/es\/wp-json\/wp\/v2\/media?parent=21889"}],"wp:term":[{"taxonomy":"brand","embeddable":true,"href":"https:\/\/v2smt.com\/es\/wp-json\/wp\/v2\/etheme_brands?post=21889"},{"taxonomy":"product_brand","embeddable":true,"href":"https:\/\/v2smt.com\/es\/wp-json\/wp\/v2\/product_brand?post=21889"},{"taxonomy":"product_cat","embeddable":true,"href":"https:\/\/v2smt.com\/es\/wp-json\/wp\/v2\/product_cat?post=21889"},{"taxonomy":"product_tag","embeddable":true,"href":"https:\/\/v2smt.com\/es\/wp-json\/wp\/v2\/product_tag?post=21889"}],"curies":[{"name":"wp","href":"https:\/\/api.w.org\/{rel}","templated":true}]}}