{"id":21879,"date":"2024-07-23T15:33:52","date_gmt":"2024-07-23T15:33:52","guid":{"rendered":"https:\/\/v2smt.com\/?post_type=product&#038;p=21879"},"modified":"2024-08-22T17:03:57","modified_gmt":"2024-08-22T17:03:57","slug":"ms-100c-offline-pcba-water-cleaning-machine","status":"publish","type":"product","link":"https:\/\/v2smt.com\/es\/products\/ms-100c-offline-pcba-water-cleaning-machine\/","title":{"rendered":"MS-100C M\u00e1quina de limpieza con agua de PCBA fuera de l\u00ednea"},"content":{"rendered":"<p>Tecnolog\u00edas de limpieza avanzadas: Integra el \u00faltimo proceso de limpieza offline TDC americano para una alta eficiencia.<\/p>\n<p>Dise\u00f1o humanizado: Facilita la instalaci\u00f3n y el mantenimiento de componentes como ventiladores y filtros.<\/p>\n<p>Sistema de limpieza integral: Limpia a fondo los residuos org\u00e1nicos e inorg\u00e1nicos de las superficies de los productos.<\/p>\n<p>Proceso totalmente automatizado: Incluye limpieza, aclarado y secado dentro de una \u00fanica c\u00e1mara para mayor comodidad.<\/p>\n<p>Ventanas de visualizaci\u00f3n: Permite una supervisi\u00f3n transparente del proceso de limpieza con iluminaci\u00f3n LED.<\/p>\n<p>Dise\u00f1o cient\u00edfico de la boquilla: Mejora la eficacia de la limpieza y elimina los puntos ciegos con un patr\u00f3n de distribuci\u00f3n incremental.<\/p>\n<p>Presi\u00f3n de boquilla ajustable: Reduce el riesgo de da\u00f1ar los productos de peque\u00f1o tama\u00f1o durante la limpieza a alta presi\u00f3n.<\/p>\n<p>Sistema de calentamiento del dep\u00f3sito de diluci\u00f3n: Mejora el rendimiento de la limpieza y reduce la duraci\u00f3n de los ciclos.<\/p>\n<p>Interfaz de pantalla t\u00e1ctil de gran tama\u00f1o: Ofrece un funcionamiento estable y f\u00e1cil de usar para ajustar los par\u00e1metros de limpieza.<\/p>\n<p>Altos niveles de limpieza: Cumple los estrictos niveles de limpieza IPC-610D y MIL-28809.<\/p>","protected":false},"excerpt":{"rendered":"<p>La m\u00e1quina de limpieza con agua de PCBA fuera de l\u00ednea MS-100C es una soluci\u00f3n eficaz y rentable dise\u00f1ada para la limpieza por lotes de productos electr\u00f3nicos. Es capaz de eliminar diversos residuos, como residuos solubles en agua, RMA, flux sin plomo no-clean y huellas dactilares. Al incorporar un concepto de proceso de limpieza de baja presi\u00f3n y alto caudal fuera de l\u00ednea TDC americano, la MS-100C garantiza una alta eficacia de limpieza y bajos costes operativos, lo que la convierte en un competidor formidable en el mercado nacional de m\u00e1quinas de limpieza.<\/p>","protected":false},"featured_media":21908,"comment_status":"open","ping_status":"closed","template":"","meta":{"iawp_total_views":60},"etheme_brands":[],"product_brand":[],"product_cat":[150],"product_tag":[],"class_list":{"0":"post-21879","1":"product","2":"type-product","3":"status-publish","4":"has-post-thumbnail","6":"product_cat-pcba-cleaning-machine","8":"first","9":"instock","10":"shipping-taxable","11":"product-type-simple"},"_links":{"self":[{"href":"https:\/\/v2smt.com\/es\/wp-json\/wp\/v2\/product\/21879","targetHints":{"allow":["GET"]}}],"collection":[{"href":"https:\/\/v2smt.com\/es\/wp-json\/wp\/v2\/product"}],"about":[{"href":"https:\/\/v2smt.com\/es\/wp-json\/wp\/v2\/types\/product"}],"replies":[{"embeddable":true,"href":"https:\/\/v2smt.com\/es\/wp-json\/wp\/v2\/comments?post=21879"}],"version-history":[{"count":0,"href":"https:\/\/v2smt.com\/es\/wp-json\/wp\/v2\/product\/21879\/revisions"}],"wp:featuredmedia":[{"embeddable":true,"href":"https:\/\/v2smt.com\/es\/wp-json\/wp\/v2\/media\/21908"}],"wp:attachment":[{"href":"https:\/\/v2smt.com\/es\/wp-json\/wp\/v2\/media?parent=21879"}],"wp:term":[{"taxonomy":"brand","embeddable":true,"href":"https:\/\/v2smt.com\/es\/wp-json\/wp\/v2\/etheme_brands?post=21879"},{"taxonomy":"product_brand","embeddable":true,"href":"https:\/\/v2smt.com\/es\/wp-json\/wp\/v2\/product_brand?post=21879"},{"taxonomy":"product_cat","embeddable":true,"href":"https:\/\/v2smt.com\/es\/wp-json\/wp\/v2\/product_cat?post=21879"},{"taxonomy":"product_tag","embeddable":true,"href":"https:\/\/v2smt.com\/es\/wp-json\/wp\/v2\/product_tag?post=21879"}],"curies":[{"name":"wp","href":"https:\/\/api.w.org\/{rel}","templated":true}]}}