{"id":21875,"date":"2024-07-23T15:33:51","date_gmt":"2024-07-23T15:33:51","guid":{"rendered":"https:\/\/v2smt.com\/?post_type=product&#038;p=21875"},"modified":"2024-08-22T17:03:56","modified_gmt":"2024-08-22T17:03:56","slug":"pbt-700s-fully-automatic-cleaning-machine","status":"publish","type":"product","link":"https:\/\/v2smt.com\/es\/products\/pbt-700s-fully-automatic-cleaning-machine\/","title":{"rendered":"PBT-700S M\u00e1quina de limpieza totalmente autom\u00e1tica"},"content":{"rendered":"<p>1. Limpieza por calor a alta presi\u00f3n: Utiliza un disco de 1M de di\u00e1metro para una limpieza exhaustiva.<br \/>\n2. Proceso de limpieza visual: Incorpora una ventana e iluminaci\u00f3n LED para una visibilidad clara.<br \/>\n3. Sistema de boquillas ajustables: Elimina las zonas muertas con brazos pulverizadores ajustables en altura.<br \/>\n4. La seguridad ante todo: Equipado con rejilla reflectante y puertas autom\u00e1ticas de cristal templado.<br \/>\n5. Construcci\u00f3n de acero inoxidable: Resistente a \u00e1cidos, \u00e1lcalis y l\u00edquidos de limpieza.<\/p>","protected":false},"excerpt":{"rendered":"<p>La m\u00e1quina de limpieza totalmente autom\u00e1tica PBT-700S es una soluci\u00f3n de vanguardia para la limpieza eficaz y exhaustiva de accesorios y condensadores. Esta m\u00e1quina revoluciona el proceso de limpieza con sus capacidades automatizadas, garantizando un rendimiento y una seguridad \u00f3ptimos.<\/p>","protected":false},"featured_media":21701,"comment_status":"open","ping_status":"closed","template":"","meta":{"iawp_total_views":60},"etheme_brands":[],"product_brand":[],"product_cat":[150],"product_tag":[],"class_list":{"0":"post-21875","1":"product","2":"type-product","3":"status-publish","4":"has-post-thumbnail","6":"product_cat-pcba-cleaning-machine","8":"first","9":"instock","10":"shipping-taxable","11":"product-type-simple"},"_links":{"self":[{"href":"https:\/\/v2smt.com\/es\/wp-json\/wp\/v2\/product\/21875","targetHints":{"allow":["GET"]}}],"collection":[{"href":"https:\/\/v2smt.com\/es\/wp-json\/wp\/v2\/product"}],"about":[{"href":"https:\/\/v2smt.com\/es\/wp-json\/wp\/v2\/types\/product"}],"replies":[{"embeddable":true,"href":"https:\/\/v2smt.com\/es\/wp-json\/wp\/v2\/comments?post=21875"}],"version-history":[{"count":0,"href":"https:\/\/v2smt.com\/es\/wp-json\/wp\/v2\/product\/21875\/revisions"}],"wp:featuredmedia":[{"embeddable":true,"href":"https:\/\/v2smt.com\/es\/wp-json\/wp\/v2\/media\/21701"}],"wp:attachment":[{"href":"https:\/\/v2smt.com\/es\/wp-json\/wp\/v2\/media?parent=21875"}],"wp:term":[{"taxonomy":"brand","embeddable":true,"href":"https:\/\/v2smt.com\/es\/wp-json\/wp\/v2\/etheme_brands?post=21875"},{"taxonomy":"product_brand","embeddable":true,"href":"https:\/\/v2smt.com\/es\/wp-json\/wp\/v2\/product_brand?post=21875"},{"taxonomy":"product_cat","embeddable":true,"href":"https:\/\/v2smt.com\/es\/wp-json\/wp\/v2\/product_cat?post=21875"},{"taxonomy":"product_tag","embeddable":true,"href":"https:\/\/v2smt.com\/es\/wp-json\/wp\/v2\/product_tag?post=21875"}],"curies":[{"name":"wp","href":"https:\/\/api.w.org\/{rel}","templated":true}]}}