{"id":21873,"date":"2024-07-23T15:33:51","date_gmt":"2024-07-23T15:33:51","guid":{"rendered":"https:\/\/v2smt.com\/?post_type=product&#038;p=21873"},"modified":"2024-08-22T17:03:56","modified_gmt":"2024-08-22T17:03:56","slug":"conveyor","status":"publish","type":"product","link":"https:\/\/v2smt.com\/es\/products\/conveyor\/","title":{"rendered":"Transportador"},"content":{"rendered":"<p>1. Funcionamiento en modo dual: Ofrece los modos manual y autom\u00e1tico para una manipulaci\u00f3n e inspecci\u00f3n flexibles de las placas de circuito impreso.<br \/>\n2. Equipado con sensores: Equipado con sensores para un control automatizado y un posicionamiento preciso de las placas de circuito impreso para su inspecci\u00f3n.<br \/>\n3. Motor de velocidad ajustable: Cuenta con un motor de velocidad ajustable de 15W para un ritmo de transporte personalizado.<br \/>\n4. Construcci\u00f3n robusta: Construido con un marco de chapa de 1,5 mm y revestimiento de color PC duradero para un uso a largo plazo.<br \/>\n5. Compatibilidad SMEMA est\u00e1ndar: Garantiza una comunicaci\u00f3n e integraci\u00f3n perfectas con otros equipos SMT.<\/p>","protected":false},"excerpt":{"rendered":"<p>Este vers\u00e1til transportador est\u00e1 dise\u00f1ado para una perfecta integraci\u00f3n e inspecci\u00f3n en operaciones de tecnolog\u00eda de montaje en superficie, lo que garantiza un flujo de trabajo optimizado y una mayor productividad.<\/p>","protected":false},"featured_media":21678,"comment_status":"open","ping_status":"closed","template":"","meta":{"iawp_total_views":113},"etheme_brands":[],"product_brand":[],"product_cat":[146,143],"product_tag":[],"class_list":{"0":"post-21873","1":"product","2":"type-product","3":"status-publish","4":"has-post-thumbnail","6":"product_cat-pcb-conveyor","7":"product_cat-pcb-handling-equipment","9":"first","10":"instock","11":"shipping-taxable","12":"product-type-simple"},"_links":{"self":[{"href":"https:\/\/v2smt.com\/es\/wp-json\/wp\/v2\/product\/21873","targetHints":{"allow":["GET"]}}],"collection":[{"href":"https:\/\/v2smt.com\/es\/wp-json\/wp\/v2\/product"}],"about":[{"href":"https:\/\/v2smt.com\/es\/wp-json\/wp\/v2\/types\/product"}],"replies":[{"embeddable":true,"href":"https:\/\/v2smt.com\/es\/wp-json\/wp\/v2\/comments?post=21873"}],"version-history":[{"count":0,"href":"https:\/\/v2smt.com\/es\/wp-json\/wp\/v2\/product\/21873\/revisions"}],"wp:featuredmedia":[{"embeddable":true,"href":"https:\/\/v2smt.com\/es\/wp-json\/wp\/v2\/media\/21678"}],"wp:attachment":[{"href":"https:\/\/v2smt.com\/es\/wp-json\/wp\/v2\/media?parent=21873"}],"wp:term":[{"taxonomy":"brand","embeddable":true,"href":"https:\/\/v2smt.com\/es\/wp-json\/wp\/v2\/etheme_brands?post=21873"},{"taxonomy":"product_brand","embeddable":true,"href":"https:\/\/v2smt.com\/es\/wp-json\/wp\/v2\/product_brand?post=21873"},{"taxonomy":"product_cat","embeddable":true,"href":"https:\/\/v2smt.com\/es\/wp-json\/wp\/v2\/product_cat?post=21873"},{"taxonomy":"product_tag","embeddable":true,"href":"https:\/\/v2smt.com\/es\/wp-json\/wp\/v2\/product_tag?post=21873"}],"curies":[{"name":"wp","href":"https:\/\/api.w.org\/{rel}","templated":true}]}}