{"id":21869,"date":"2024-07-23T15:33:51","date_gmt":"2024-07-23T15:33:51","guid":{"rendered":"https:\/\/v2smt.com\/?post_type=product&#038;p=21869"},"modified":"2024-08-22T17:03:56","modified_gmt":"2024-08-22T17:03:56","slug":"magazine-loader","status":"publish","type":"product","link":"https:\/\/v2smt.com\/es\/products\/magazine-loader\/","title":{"rendered":"Cargador"},"content":{"rendered":"<p>1. Funcionamiento multifunci\u00f3n: Env\u00eda o recibe autom\u00e1ticamente las placas de circuito impreso una a una al recibir la se\u00f1al, agilizando el proceso SMT.<br \/>\n2. Sistema de elevaci\u00f3n ajustable: Equipado con un elevador de husillo de bolas que ofrece pasos de elevaci\u00f3n personalizables para espesores de PCB vers\u00e1tiles.<br \/>\n3. Componentes de alta calidad: Incorpora un PLC Omron y sensores Panasonic para un control y funcionamiento fiables.<br \/>\n4. Interfaz f\u00e1cil de usar: Incluye una pantalla t\u00e1ctil Weinview para facilitar la configuraci\u00f3n y los ajustes.<br \/>\n5. Construcci\u00f3n duradera: Construido con un marco de chapa de 3,0 mm y recubierto con color PC para un rendimiento duradero.<\/p>","protected":false},"excerpt":{"rendered":"<p>El descargador de almac\u00e9n est\u00e1 dise\u00f1ado para mejorar la eficacia de su l\u00ednea SMT. Estas robustas m\u00e1quinas garantizan una manipulaci\u00f3n perfecta de las placas de circuito impreso y un funcionamiento preciso, adaptado a entornos de fabricaci\u00f3n de alto rendimiento.<\/p>","protected":false},"featured_media":21690,"comment_status":"open","ping_status":"closed","template":"","meta":{"iawp_total_views":70},"etheme_brands":[],"product_brand":[],"product_cat":[143,144],"product_tag":[],"class_list":{"0":"post-21869","1":"product","2":"type-product","3":"status-publish","4":"has-post-thumbnail","6":"product_cat-pcb-handling-equipment","7":"product_cat-pcb-magazine-loader","9":"first","10":"instock","11":"shipping-taxable","12":"product-type-simple"},"_links":{"self":[{"href":"https:\/\/v2smt.com\/es\/wp-json\/wp\/v2\/product\/21869","targetHints":{"allow":["GET"]}}],"collection":[{"href":"https:\/\/v2smt.com\/es\/wp-json\/wp\/v2\/product"}],"about":[{"href":"https:\/\/v2smt.com\/es\/wp-json\/wp\/v2\/types\/product"}],"replies":[{"embeddable":true,"href":"https:\/\/v2smt.com\/es\/wp-json\/wp\/v2\/comments?post=21869"}],"version-history":[{"count":0,"href":"https:\/\/v2smt.com\/es\/wp-json\/wp\/v2\/product\/21869\/revisions"}],"wp:featuredmedia":[{"embeddable":true,"href":"https:\/\/v2smt.com\/es\/wp-json\/wp\/v2\/media\/21690"}],"wp:attachment":[{"href":"https:\/\/v2smt.com\/es\/wp-json\/wp\/v2\/media?parent=21869"}],"wp:term":[{"taxonomy":"brand","embeddable":true,"href":"https:\/\/v2smt.com\/es\/wp-json\/wp\/v2\/etheme_brands?post=21869"},{"taxonomy":"product_brand","embeddable":true,"href":"https:\/\/v2smt.com\/es\/wp-json\/wp\/v2\/product_brand?post=21869"},{"taxonomy":"product_cat","embeddable":true,"href":"https:\/\/v2smt.com\/es\/wp-json\/wp\/v2\/product_cat?post=21869"},{"taxonomy":"product_tag","embeddable":true,"href":"https:\/\/v2smt.com\/es\/wp-json\/wp\/v2\/product_tag?post=21869"}],"curies":[{"name":"wp","href":"https:\/\/api.w.org\/{rel}","templated":true}]}}