{"id":21863,"date":"2024-07-23T15:33:51","date_gmt":"2024-07-23T15:33:51","guid":{"rendered":"https:\/\/v2smt.com\/?post_type=product&#038;p=21863"},"modified":"2024-08-22T17:03:56","modified_gmt":"2024-08-22T17:03:56","slug":"pcb-router-machine-j-500","status":"publish","type":"product","link":"https:\/\/v2smt.com\/es\/products\/pcb-router-machine-j-500\/","title":{"rendered":"M\u00e1quina fresadora de PCB J-500"},"content":{"rendered":"<p>1. Husillo de bolas de grado de molienda: Grado C5 para un movimiento suave.<br \/>\n2. HIWIN Silent Guide Rail: Garantiza un movimiento lineal silencioso y preciso.<br \/>\n3. Servomotor Panasonic A6: Motores japoneses de alto rendimiento.<br \/>\n4. Sensor fotoel\u00e9ctrico: JAI JUEN para una detecci\u00f3n fiable.<br \/>\n5. Ejes de alta velocidad: X, Y a 1000mm\/s; Z a 800mm\/s para un corte r\u00e1pido.<br \/>\n6. Programaci\u00f3n asistida por CCD: Programaci\u00f3n visual con importaci\u00f3n Gerber.<br \/>\n7. Control de movimiento de cuatro ejes: Interpolaci\u00f3n para cortes complejos.<br \/>\n8. Sistema operativo Windows 10: Interfaz familiar y avanzada.<br \/>\n9. C\u00e1mara CCD Hikvision: Im\u00e1genes de alta resoluci\u00f3n para mayor precisi\u00f3n.<br \/>\n10. Aspirador Subwoofer 5HP: Recogida eficaz del polvo.<br \/>\n11. Pistola electrost\u00e1tica de iones de aire: Para la eliminaci\u00f3n del polvo precortado.<br \/>\n12. Husillo divisor + convertidor de frecuencia: opciones de corte vers\u00e1tiles.<br \/>\n13. Sensor magn\u00e9tico de puerta Omron: Elemento de seguridad de fabricaci\u00f3n japonesa.<br \/>\n14. Interruptor de parada de emergencia: Seguridad de respuesta r\u00e1pida.<br \/>\n15. Soporte MES: Se integra con los sistemas de ejecuci\u00f3n de fabricaci\u00f3n.<\/p>","protected":false},"excerpt":{"rendered":"<p>La fresadora para PCB J500 es una sofisticada soluci\u00f3n de corte dise\u00f1ada para la separaci\u00f3n precisa de PCB. Integra un control de movimiento de \u00faltima generaci\u00f3n con componentes de alta calidad para ofrecer una precisi\u00f3n y eficacia extraordinarias. Esta m\u00e1quina est\u00e1 equipada con funciones avanzadas que garantizan un rendimiento de corte excepcional, satisfaciendo las demandas de fabricaci\u00f3n de PCB de alta precisi\u00f3n.<\/p>","protected":false},"featured_media":21703,"comment_status":"open","ping_status":"closed","template":"","meta":{"iawp_total_views":97},"etheme_brands":[],"product_brand":[],"product_cat":[160],"product_tag":[],"class_list":{"0":"post-21863","1":"product","2":"type-product","3":"status-publish","4":"has-post-thumbnail","6":"product_cat-pcb-router-machine","8":"first","9":"instock","10":"shipping-taxable","11":"product-type-simple"},"_links":{"self":[{"href":"https:\/\/v2smt.com\/es\/wp-json\/wp\/v2\/product\/21863","targetHints":{"allow":["GET"]}}],"collection":[{"href":"https:\/\/v2smt.com\/es\/wp-json\/wp\/v2\/product"}],"about":[{"href":"https:\/\/v2smt.com\/es\/wp-json\/wp\/v2\/types\/product"}],"replies":[{"embeddable":true,"href":"https:\/\/v2smt.com\/es\/wp-json\/wp\/v2\/comments?post=21863"}],"version-history":[{"count":0,"href":"https:\/\/v2smt.com\/es\/wp-json\/wp\/v2\/product\/21863\/revisions"}],"wp:featuredmedia":[{"embeddable":true,"href":"https:\/\/v2smt.com\/es\/wp-json\/wp\/v2\/media\/21703"}],"wp:attachment":[{"href":"https:\/\/v2smt.com\/es\/wp-json\/wp\/v2\/media?parent=21863"}],"wp:term":[{"taxonomy":"brand","embeddable":true,"href":"https:\/\/v2smt.com\/es\/wp-json\/wp\/v2\/etheme_brands?post=21863"},{"taxonomy":"product_brand","embeddable":true,"href":"https:\/\/v2smt.com\/es\/wp-json\/wp\/v2\/product_brand?post=21863"},{"taxonomy":"product_cat","embeddable":true,"href":"https:\/\/v2smt.com\/es\/wp-json\/wp\/v2\/product_cat?post=21863"},{"taxonomy":"product_tag","embeddable":true,"href":"https:\/\/v2smt.com\/es\/wp-json\/wp\/v2\/product_tag?post=21863"}],"curies":[{"name":"wp","href":"https:\/\/api.w.org\/{rel}","templated":true}]}}