{"id":21861,"date":"2024-07-23T15:33:50","date_gmt":"2024-07-23T15:33:50","guid":{"rendered":"https:\/\/v2smt.com\/?post_type=product&#038;p=21861"},"modified":"2024-08-22T17:03:56","modified_gmt":"2024-08-22T17:03:56","slug":"q-600l-high-speed-dispenser-machine","status":"publish","type":"product","link":"https:\/\/v2smt.com\/es\/products\/q-600l-high-speed-dispenser-machine\/","title":{"rendered":"M\u00e1quina dispensadora de alta velocidad Q-600L"},"content":{"rendered":"<p>Caracter\u00edsticas principales:<br \/>\n1. Control por ordenador: La m\u00e1quina utiliza un sistema controlado por ordenador con un sistema operativo Windows 10, que proporciona una interfaz f\u00e1cil de usar y un funcionamiento eficiente.<br \/>\n2. Alta precisi\u00f3n: Presume de un alto nivel de precisi\u00f3n de posicionamiento y precisi\u00f3n de repetici\u00f3n de posicionamiento, garantizando resultados de dispensaci\u00f3n precisos.<br \/>\n3. Sistema de accionamiento avanzado: Equipada con un servomotor y un accionamiento por husillo de bolas, la m\u00e1quina consigue movimientos r\u00e1pidos y precisos.<br \/>\n4. V\u00e1lvulas: Puede equiparse con varios tipos de v\u00e1lvulas, incluidas v\u00e1lvulas neum\u00e1ticas, piezoel\u00e9ctricas y de tornillo, para manejar diferentes materiales y aplicaciones.<br \/>\n5. Control autom\u00e1tico de temperatura: El cuerpo de la v\u00e1lvula incorpora un sistema autom\u00e1tico de temperatura constante para mantener un flujo de material uniforme.<br \/>\n6. Programaci\u00f3n visual: Ofrece programaci\u00f3n visual en l\u00ednea para facilitar la configuraci\u00f3n y el funcionamiento.<br \/>\n7. Configuraciones opcionales: Incluye caracter\u00edsticas opcionales como detecci\u00f3n l\u00e1ser de altura, protecci\u00f3n antiest\u00e1tica ESD y sistema de medici\u00f3n de peso de precisi\u00f3n para mejorar el rendimiento y la adaptabilidad a diversas necesidades de producci\u00f3n.<\/p>","protected":false},"excerpt":{"rendered":"<p>La DESEN PRECISION Q600L es una m\u00e1quina dispensadora multifunci\u00f3n de alta velocidad dise\u00f1ada para aplicaciones como el llenado de fondo SMT, el empaquetado de componentes, la aplicaci\u00f3n de pasta de soldadura y el empaquetado de semiconductores. Est\u00e1 equipada con un sistema controlado por ordenador, sistema operativo Windows 10 y funciones avanzadas como un sistema de posicionamiento visual CCD, accionamiento por servomotor y un sistema autom\u00e1tico de temperatura constante del cuerpo de la v\u00e1lvula para garantizar una dispensaci\u00f3n precisa y uniforme. La m\u00e1quina tambi\u00e9n ofrece configuraciones opcionales como la detecci\u00f3n l\u00e1ser de altura y la protecci\u00f3n antiest\u00e1tica ESD, lo que la convierte en una herramienta vers\u00e1til para diversas necesidades de fabricaci\u00f3n.<\/p>","protected":false},"featured_media":21706,"comment_status":"open","ping_status":"closed","template":"","meta":{"iawp_total_views":137},"etheme_brands":[],"product_brand":[],"product_cat":[147],"product_tag":[],"class_list":{"0":"post-21861","1":"product","2":"type-product","3":"status-publish","4":"has-post-thumbnail","6":"product_cat-automatic-dispensing-machine","8":"first","9":"instock","10":"shipping-taxable","11":"product-type-simple"},"_links":{"self":[{"href":"https:\/\/v2smt.com\/es\/wp-json\/wp\/v2\/product\/21861","targetHints":{"allow":["GET"]}}],"collection":[{"href":"https:\/\/v2smt.com\/es\/wp-json\/wp\/v2\/product"}],"about":[{"href":"https:\/\/v2smt.com\/es\/wp-json\/wp\/v2\/types\/product"}],"replies":[{"embeddable":true,"href":"https:\/\/v2smt.com\/es\/wp-json\/wp\/v2\/comments?post=21861"}],"version-history":[{"count":0,"href":"https:\/\/v2smt.com\/es\/wp-json\/wp\/v2\/product\/21861\/revisions"}],"wp:featuredmedia":[{"embeddable":true,"href":"https:\/\/v2smt.com\/es\/wp-json\/wp\/v2\/media\/21706"}],"wp:attachment":[{"href":"https:\/\/v2smt.com\/es\/wp-json\/wp\/v2\/media?parent=21861"}],"wp:term":[{"taxonomy":"brand","embeddable":true,"href":"https:\/\/v2smt.com\/es\/wp-json\/wp\/v2\/etheme_brands?post=21861"},{"taxonomy":"product_brand","embeddable":true,"href":"https:\/\/v2smt.com\/es\/wp-json\/wp\/v2\/product_brand?post=21861"},{"taxonomy":"product_cat","embeddable":true,"href":"https:\/\/v2smt.com\/es\/wp-json\/wp\/v2\/product_cat?post=21861"},{"taxonomy":"product_tag","embeddable":true,"href":"https:\/\/v2smt.com\/es\/wp-json\/wp\/v2\/product_tag?post=21861"}],"curies":[{"name":"wp","href":"https:\/\/api.w.org\/{rel}","templated":true}]}}