{"id":21859,"date":"2024-07-23T15:33:50","date_gmt":"2024-07-23T15:33:50","guid":{"rendered":"https:\/\/v2smt.com\/?post_type=product&#038;p=21859"},"modified":"2024-08-22T17:03:56","modified_gmt":"2024-08-22T17:03:56","slug":"q-600d-high-speed-dispenser-machine","status":"publish","type":"product","link":"https:\/\/v2smt.com\/es\/products\/q-600d-high-speed-dispenser-machine\/","title":{"rendered":"M\u00e1quina dispensadora de alta velocidad Q-600D"},"content":{"rendered":"<p>Caracter\u00edsticas principales:<br \/>\n1. Control por ordenador con sistema operativo Windows para un manejo intuitivo.<br \/>\n2. Servomotores y husillos de bolas para un movimiento y posicionamiento precisos.<br \/>\n3. Sistema de posicionamiento visual CCD para una dispensaci\u00f3n precisa.<br \/>\n4. Calibraci\u00f3n autom\u00e1tica para mantener la precisi\u00f3n de dosificaci\u00f3n.<br \/>\n5. V\u00e1lvulas neum\u00e1ticas de pulverizaci\u00f3n, v\u00e1lvulas piezoel\u00e9ctricas y v\u00e1lvulas de tornillo para diversas necesidades de dosificaci\u00f3n.<br \/>\n6. Sistema de calentamiento del cuerpo de la v\u00e1lvula para un flujo constante de adhesivo.<br \/>\n7. Opciones de programaci\u00f3n visual en l\u00ednea y programaci\u00f3n fuera de l\u00ednea.<br \/>\n8. Sistema l\u00e1ser de medici\u00f3n de altura opcional para el ajuste autom\u00e1tico del eje Z.<br \/>\n9. M\u00f3dulos de precalentamiento y calentamiento del fondo para mejorar la fluidez del adhesivo.<br \/>\n10. Sistema de pesaje de precisi\u00f3n para un control exacto de la dosificaci\u00f3n.<br \/>\n11. Sistema de alta presi\u00f3n para aumentar la presi\u00f3n del aire de entrada.<br \/>\n12. Cumplimiento de las normas de seguridad, incluida la certificaci\u00f3n CE.<br \/>\n13. Interfaces de comunicaci\u00f3n para la conectividad y el intercambio de datos.<br \/>\n14. Sistema de cinta transportadora de alta temperatura para una manipulaci\u00f3n eficaz de las piezas.<br \/>\n15. Alarma de aver\u00eda y pantalla de men\u00fas para la supervisi\u00f3n y el control del funcionamiento.<\/p>\n<p>&nbsp;<\/p>","protected":false},"excerpt":{"rendered":"<p>La DESEN Precision Q600D es una m\u00e1quina dispensadora de alta velocidad dise\u00f1ada para aplicaciones de precisi\u00f3n en la industria electr\u00f3nica. Presume de una construcci\u00f3n robusta y est\u00e1 equipada con funciones avanzadas como un sistema controlado por ordenador con funcionamiento Windows, un sistema de posicionamiento visual CCD para una alineaci\u00f3n precisa y servomotores para un movimiento preciso. La m\u00e1quina ofrece una amplia gama de capacidades de dosificaci\u00f3n y es capaz de manipular diferentes tipos de v\u00e1lvulas y adhesivos.<\/p>","protected":false},"featured_media":21706,"comment_status":"open","ping_status":"closed","template":"","meta":{"iawp_total_views":87},"etheme_brands":[],"product_brand":[],"product_cat":[147],"product_tag":[],"class_list":{"0":"post-21859","1":"product","2":"type-product","3":"status-publish","4":"has-post-thumbnail","6":"product_cat-automatic-dispensing-machine","8":"first","9":"instock","10":"shipping-taxable","11":"product-type-simple"},"_links":{"self":[{"href":"https:\/\/v2smt.com\/es\/wp-json\/wp\/v2\/product\/21859","targetHints":{"allow":["GET"]}}],"collection":[{"href":"https:\/\/v2smt.com\/es\/wp-json\/wp\/v2\/product"}],"about":[{"href":"https:\/\/v2smt.com\/es\/wp-json\/wp\/v2\/types\/product"}],"replies":[{"embeddable":true,"href":"https:\/\/v2smt.com\/es\/wp-json\/wp\/v2\/comments?post=21859"}],"version-history":[{"count":0,"href":"https:\/\/v2smt.com\/es\/wp-json\/wp\/v2\/product\/21859\/revisions"}],"wp:featuredmedia":[{"embeddable":true,"href":"https:\/\/v2smt.com\/es\/wp-json\/wp\/v2\/media\/21706"}],"wp:attachment":[{"href":"https:\/\/v2smt.com\/es\/wp-json\/wp\/v2\/media?parent=21859"}],"wp:term":[{"taxonomy":"brand","embeddable":true,"href":"https:\/\/v2smt.com\/es\/wp-json\/wp\/v2\/etheme_brands?post=21859"},{"taxonomy":"product_brand","embeddable":true,"href":"https:\/\/v2smt.com\/es\/wp-json\/wp\/v2\/product_brand?post=21859"},{"taxonomy":"product_cat","embeddable":true,"href":"https:\/\/v2smt.com\/es\/wp-json\/wp\/v2\/product_cat?post=21859"},{"taxonomy":"product_tag","embeddable":true,"href":"https:\/\/v2smt.com\/es\/wp-json\/wp\/v2\/product_tag?post=21859"}],"curies":[{"name":"wp","href":"https:\/\/api.w.org\/{rel}","templated":true}]}}