{"id":21857,"date":"2024-07-23T15:33:50","date_gmt":"2024-07-23T15:33:50","guid":{"rendered":"https:\/\/v2smt.com\/?post_type=product&#038;p=21857"},"modified":"2024-08-22T17:03:56","modified_gmt":"2024-08-22T17:03:56","slug":"q-600-high-speed-dispenser","status":"publish","type":"product","link":"https:\/\/v2smt.com\/es\/products\/q-600-high-speed-dispenser\/","title":{"rendered":"M\u00e1quina dispensadora de alta velocidad Q-600"},"content":{"rendered":"<p>1. Capacidad de dosificaci\u00f3n de alta velocidad y precisi\u00f3n.<br \/>\n2. Sistema de visi\u00f3n avanzado con c\u00e1mara de alta definici\u00f3n de 500 megap\u00edxeles y reconocimiento de contornos.<br \/>\n3. Software de f\u00e1cil manejo con control exhaustivo del proceso y an\u00e1lisis estad\u00edstico.<br \/>\n4. Sistema de posicionamiento servoaccionado y transportador escalonado para un funcionamiento eficaz.<br \/>\n5. Configuraciones opcionales para medici\u00f3n de altura por l\u00e1ser, calentamiento del fondo y calibraci\u00f3n autom\u00e1tica del peso.<br \/>\n6. Interfaz y men\u00fa de alta calidad en chino.<br \/>\n7. Control preciso de los comandos de dispensaci\u00f3n, incluida la trayectoria din\u00e1mica 3D.<br \/>\n8. Pasos de calibraci\u00f3n simplificados y tecnolog\u00eda perfecta de control del peso del fluido.<br \/>\n9. Interfaz de programaci\u00f3n pr\u00e1ctica para facilitar la programaci\u00f3n y el control del proceso.<br \/>\n10. Gesti\u00f3n inteligente a distancia del estado de los equipos.<\/p>","protected":false},"excerpt":{"rendered":"<p>La Q-600 es una soluci\u00f3n de dosificaci\u00f3n de alto rendimiento, fiable y eficiente, dise\u00f1ada para aplicaciones de precisi\u00f3n en la industria electr\u00f3nica. Sus avanzadas caracter\u00edsticas y capacidades la convierten en una valiosa herramienta para los fabricantes que requieren equipos de dosificaci\u00f3n de alta calidad y precisi\u00f3n.<\/p>","protected":false},"featured_media":21706,"comment_status":"open","ping_status":"closed","template":"","meta":{"iawp_total_views":129},"etheme_brands":[],"product_brand":[],"product_cat":[147],"product_tag":[],"class_list":{"0":"post-21857","1":"product","2":"type-product","3":"status-publish","4":"has-post-thumbnail","6":"product_cat-automatic-dispensing-machine","8":"first","9":"instock","10":"shipping-taxable","11":"product-type-simple"},"_links":{"self":[{"href":"https:\/\/v2smt.com\/es\/wp-json\/wp\/v2\/product\/21857","targetHints":{"allow":["GET"]}}],"collection":[{"href":"https:\/\/v2smt.com\/es\/wp-json\/wp\/v2\/product"}],"about":[{"href":"https:\/\/v2smt.com\/es\/wp-json\/wp\/v2\/types\/product"}],"replies":[{"embeddable":true,"href":"https:\/\/v2smt.com\/es\/wp-json\/wp\/v2\/comments?post=21857"}],"version-history":[{"count":0,"href":"https:\/\/v2smt.com\/es\/wp-json\/wp\/v2\/product\/21857\/revisions"}],"wp:featuredmedia":[{"embeddable":true,"href":"https:\/\/v2smt.com\/es\/wp-json\/wp\/v2\/media\/21706"}],"wp:attachment":[{"href":"https:\/\/v2smt.com\/es\/wp-json\/wp\/v2\/media?parent=21857"}],"wp:term":[{"taxonomy":"brand","embeddable":true,"href":"https:\/\/v2smt.com\/es\/wp-json\/wp\/v2\/etheme_brands?post=21857"},{"taxonomy":"product_brand","embeddable":true,"href":"https:\/\/v2smt.com\/es\/wp-json\/wp\/v2\/product_brand?post=21857"},{"taxonomy":"product_cat","embeddable":true,"href":"https:\/\/v2smt.com\/es\/wp-json\/wp\/v2\/product_cat?post=21857"},{"taxonomy":"product_tag","embeddable":true,"href":"https:\/\/v2smt.com\/es\/wp-json\/wp\/v2\/product_tag?post=21857"}],"curies":[{"name":"wp","href":"https:\/\/api.w.org\/{rel}","templated":true}]}}