{"id":21851,"date":"2024-07-23T15:33:49","date_gmt":"2024-07-23T15:33:49","guid":{"rendered":"https:\/\/v2smt.com\/?post_type=product&#038;p=21851"},"modified":"2024-08-22T17:03:56","modified_gmt":"2024-08-22T17:03:56","slug":"3d-spi-s8080","status":"publish","type":"product","link":"https:\/\/v2smt.com\/es\/products\/3d-spi-s8080\/","title":{"rendered":"M\u00e1quina de inspecci\u00f3n de pasta de soldadura en l\u00ednea S8080"},"content":{"rendered":"<p>1. Tecnolog\u00eda PSLM: Elimina el desgaste mec\u00e1nico, mejora la precisi\u00f3n.<br \/>\n2. Alta resoluci\u00f3n de detecci\u00f3n: Precisi\u00f3n de 0,37um, muestreo de 4-8x para repetibilidad.<br \/>\n3. Iluminaci\u00f3n difusa 3D: Supera los problemas de sombreado, compatibilidad vers\u00e1til con sustratos.<br \/>\n4. Fuente de luz RGB 2D activa: Sintonizaci\u00f3n RGB patentada para la reducci\u00f3n de falsas alarmas.<br \/>\n5. Seguimiento din\u00e1mico del eje Z: Resuelve los problemas de alabeo en circuitos flexibles y PCB.<br \/>\n6. Programaci\u00f3n sencilla: Configuraci\u00f3n r\u00e1pida y sencilla con el m\u00f3dulo Gerber.<br \/>\n7. Funcionamiento eficaz: Una operaci\u00f3n de prensa, reduce el tiempo de formaci\u00f3n.<br \/>\n8. Software de control est\u00e1tico de procesos: SPC en tiempo real, varios formatos de exportaci\u00f3n.<br \/>\n9. C\u00e1mara de alta resoluci\u00f3n: 5M p\u00edxeles para una inspecci\u00f3n detallada.<br \/>\n10. Lente telec\u00e9ntrica: Garantiza una calidad de imagen uniforme en todo el campo.<br \/>\n11. R\u00e1pida velocidad de campo de visi\u00f3n: 0,45 s por FOV para un alto rendimiento.<br \/>\n12. Opci\u00f3n de fuente de luz RGB: Mejora la detecci\u00f3n de defectos en diversos sustratos.<br \/>\n13. Compensaci\u00f3n del eje Z en tiempo real: Est\u00e1ndar para la gesti\u00f3n del alabeo.<br \/>\n14. Rango de medici\u00f3n vers\u00e1til: Desde 100um hasta 460x460mm PCBs.<br \/>\n15. Hardware robusto: IPC de alto rendimiento con Intel i7, 24 GB de RAM y Windows 10.<\/p>","protected":false},"excerpt":{"rendered":"<p>La 3D SPI S8080 es una avanzada m\u00e1quina de inspecci\u00f3n de pasta de soldadura que combina la modulaci\u00f3n de luz espacial programable (PSLM) con la perfilometr\u00eda de medici\u00f3n de fase para lograr una inspecci\u00f3n de pasta de soldadura de alta precisi\u00f3n. Est\u00e1 equipada con una c\u00e1mara de 5 M de p\u00edxeles, un objetivo telec\u00e9ntrico y un sistema de seguimiento din\u00e1mico del eje Z en tiempo real, lo que garantiza la detecci\u00f3n precisa de defectos y alabeos en las placas de circuito impreso.<\/p>","protected":false},"featured_media":21681,"comment_status":"open","ping_status":"closed","template":"","meta":{"iawp_total_views":87},"etheme_brands":[],"product_brand":[],"product_cat":[135],"product_tag":[],"class_list":{"0":"post-21851","1":"product","2":"type-product","3":"status-publish","4":"has-post-thumbnail","6":"product_cat-solder-paste-inspection","8":"first","9":"instock","10":"shipping-taxable","11":"product-type-simple"},"_links":{"self":[{"href":"https:\/\/v2smt.com\/es\/wp-json\/wp\/v2\/product\/21851","targetHints":{"allow":["GET"]}}],"collection":[{"href":"https:\/\/v2smt.com\/es\/wp-json\/wp\/v2\/product"}],"about":[{"href":"https:\/\/v2smt.com\/es\/wp-json\/wp\/v2\/types\/product"}],"replies":[{"embeddable":true,"href":"https:\/\/v2smt.com\/es\/wp-json\/wp\/v2\/comments?post=21851"}],"version-history":[{"count":0,"href":"https:\/\/v2smt.com\/es\/wp-json\/wp\/v2\/product\/21851\/revisions"}],"wp:featuredmedia":[{"embeddable":true,"href":"https:\/\/v2smt.com\/es\/wp-json\/wp\/v2\/media\/21681"}],"wp:attachment":[{"href":"https:\/\/v2smt.com\/es\/wp-json\/wp\/v2\/media?parent=21851"}],"wp:term":[{"taxonomy":"brand","embeddable":true,"href":"https:\/\/v2smt.com\/es\/wp-json\/wp\/v2\/etheme_brands?post=21851"},{"taxonomy":"product_brand","embeddable":true,"href":"https:\/\/v2smt.com\/es\/wp-json\/wp\/v2\/product_brand?post=21851"},{"taxonomy":"product_cat","embeddable":true,"href":"https:\/\/v2smt.com\/es\/wp-json\/wp\/v2\/product_cat?post=21851"},{"taxonomy":"product_tag","embeddable":true,"href":"https:\/\/v2smt.com\/es\/wp-json\/wp\/v2\/product_tag?post=21851"}],"curies":[{"name":"wp","href":"https:\/\/api.w.org\/{rel}","templated":true}]}}