{"id":21849,"date":"2024-07-23T15:33:49","date_gmt":"2024-07-23T15:33:49","guid":{"rendered":"https:\/\/v2smt.com\/?post_type=product&#038;p=21849"},"modified":"2024-08-22T17:03:56","modified_gmt":"2024-08-22T17:03:56","slug":"sinictek-2d-aoi-s510","status":"publish","type":"product","link":"https:\/\/v2smt.com\/es\/products\/sinictek-2d-aoi-s510\/","title":{"rendered":"S510 M\u00e1quina de inspecci\u00f3n \u00f3ptica automatizada 2D"},"content":{"rendered":"<p>1. C\u00e1mara industrial de 5 MP: Im\u00e1genes de alta resoluci\u00f3n para obtener detalles.<br \/>\n2. Lente telec\u00e9ntrica: Garantiza una calidad de imagen constante.<br \/>\n3. Fuente de luz RGB: Optimiza la visibilidad para las inspecciones.<br \/>\n4. Resoluci\u00f3n de 15um: Capacidad de detecci\u00f3n de alta precisi\u00f3n.<br \/>\n5. 3630mm FOV: Campo de visi\u00f3n vers\u00e1til para componentes.<br \/>\n6. Dise\u00f1o de v\u00eda \u00fanica: Proceso de inspecci\u00f3n racionalizado.<br \/>\n7. Manipulaci\u00f3n flexible de placas de circuito impreso: Se adapta a varios tama\u00f1os de placas.<br \/>\n8. Posicionamiento preciso: Reduce las falsas alarmas, se adapta a las deformaciones.<br \/>\n9. Potente funci\u00f3n SPC: Herramientas avanzadas de control de calidad.<br \/>\n10. Movimiento del servomotor: Control preciso de los ejes X, Y.<br \/>\n11. Seguridad integral: Incluye instrucciones de seguridad y enclavamientos.<br \/>\n12. Software f\u00e1cil de usar: Interfaz estilo Windows, f\u00e1cil manejo.<br \/>\n13. Soporte de red: Protocolo TCP\/IP para la transferencia instant\u00e1nea de im\u00e1genes.<br \/>\n14. Ordenador de gama alta: CPU Intel I7, 16 GB de RAM, almacenamiento SSD y HDD.<br \/>\n15. Monitor LCD de 21,5\u2033: Pantalla clara para el manejo.<\/p>","protected":false},"excerpt":{"rendered":"<p>La Sinictek 2D AOI S510 es una robusta m\u00e1quina de inspecci\u00f3n \u00f3ptica autom\u00e1tica que incorpora una c\u00e1mara CCD de 5MP de alta resoluci\u00f3n, un objetivo telec\u00e9ntrico y algoritmos avanzados para una detecci\u00f3n precisa. Satisface diversas necesidades de inspecci\u00f3n con un manejo flexible de PCB y potentes herramientas SPC.<\/p>","protected":false},"featured_media":21707,"comment_status":"open","ping_status":"closed","template":"","meta":{"iawp_total_views":67},"etheme_brands":[],"product_brand":[],"product_cat":[136],"product_tag":[],"class_list":{"0":"post-21849","1":"product","2":"type-product","3":"status-publish","4":"has-post-thumbnail","6":"product_cat-automated-optical-inspection","8":"first","9":"instock","10":"shipping-taxable","11":"product-type-simple"},"_links":{"self":[{"href":"https:\/\/v2smt.com\/es\/wp-json\/wp\/v2\/product\/21849","targetHints":{"allow":["GET"]}}],"collection":[{"href":"https:\/\/v2smt.com\/es\/wp-json\/wp\/v2\/product"}],"about":[{"href":"https:\/\/v2smt.com\/es\/wp-json\/wp\/v2\/types\/product"}],"replies":[{"embeddable":true,"href":"https:\/\/v2smt.com\/es\/wp-json\/wp\/v2\/comments?post=21849"}],"version-history":[{"count":0,"href":"https:\/\/v2smt.com\/es\/wp-json\/wp\/v2\/product\/21849\/revisions"}],"wp:featuredmedia":[{"embeddable":true,"href":"https:\/\/v2smt.com\/es\/wp-json\/wp\/v2\/media\/21707"}],"wp:attachment":[{"href":"https:\/\/v2smt.com\/es\/wp-json\/wp\/v2\/media?parent=21849"}],"wp:term":[{"taxonomy":"brand","embeddable":true,"href":"https:\/\/v2smt.com\/es\/wp-json\/wp\/v2\/etheme_brands?post=21849"},{"taxonomy":"product_brand","embeddable":true,"href":"https:\/\/v2smt.com\/es\/wp-json\/wp\/v2\/product_brand?post=21849"},{"taxonomy":"product_cat","embeddable":true,"href":"https:\/\/v2smt.com\/es\/wp-json\/wp\/v2\/product_cat?post=21849"},{"taxonomy":"product_tag","embeddable":true,"href":"https:\/\/v2smt.com\/es\/wp-json\/wp\/v2\/product_tag?post=21849"}],"curies":[{"name":"wp","href":"https:\/\/api.w.org\/{rel}","templated":true}]}}