{"id":21845,"date":"2024-07-23T15:33:48","date_gmt":"2024-07-23T15:33:48","guid":{"rendered":"https:\/\/v2smt.com\/?post_type=product&#038;p=21845"},"modified":"2024-08-22T17:03:55","modified_gmt":"2024-08-22T17:03:55","slug":"sebyb14b00-00-g5s-chip-mounter","status":"publish","type":"product","link":"https:\/\/v2smt.com\/es\/products\/sebyb14b00-00-g5s-chip-mounter\/","title":{"rendered":"SEBYB14B00-00 Montador de chips G5S"},"content":{"rendered":"<p>Cabezal de accionamiento directo: colocaci\u00f3n de alta velocidad y precisi\u00f3n con manipulaci\u00f3n de componentes tipo torreta.<br \/>\nAccionamiento lineal doble r\u00edgido: Garantiza un posicionamiento de alta velocidad y precisi\u00f3n con un mantenimiento m\u00ednimo.<br \/>\nOver Drive Motion: Optimiza la producci\u00f3n para aplicaciones de alta mezcla y bajo volumen con configuraciones familiares.<br \/>\nUnidad de alimentaci\u00f3n multipieza: Acomoda una amplia gama de tama\u00f1os de componentes con varios tipos de alimentadores.<br \/>\nCabezales de formas extra\u00f1as extremas: Admite componentes de grandes dimensiones y alturas.<br \/>\nReconocimiento de alta precisi\u00f3n: Sistemas avanzados de reconocimiento para diversos tipos de componentes.<br \/>\nSistema LISA: Control de datos de l\u00ednea y gesti\u00f3n de operaciones centralizados para una producci\u00f3n sin interrupciones.<br \/>\nTecnolog\u00eda ACV: Validaci\u00f3n avanzada de componentes para la comprobaci\u00f3n de errores y la trazabilidad.<br \/>\nBalance de l\u00edneas multiproducto: Eficaz programador de configuraci\u00f3n y funciones de configuraci\u00f3n familiar para minimizar el tiempo de configuraci\u00f3n.<br \/>\nRespetuoso con el medio ambiente: Cat\u00e1logo fabricado con papel reciclado que refleja el compromiso de YAMAHA con el medio ambiente.<\/p>","protected":false},"excerpt":{"rendered":"<p>La montadora de chips SEBYB14B00-00 G5S es el paradigma de la colocaci\u00f3n de componentes a alta velocidad y con gran precisi\u00f3n, dise\u00f1ada para operaciones de ensamblaje electr\u00f3nico diversas y complejas. Con su cabezal de accionamiento directo DDH (Super Wide-Range DDH), su accionamiento doble lineal r\u00edgido y sus avanzados alimentadores, se adapta a un amplio espectro de tama\u00f1os y formas de componentes, lo que la convierte en una herramienta indispensable para las l\u00edneas de fabricaci\u00f3n modernas.<\/p>","protected":false},"featured_media":21708,"comment_status":"open","ping_status":"closed","template":"","meta":{"iawp_total_views":43},"etheme_brands":[],"product_brand":[],"product_cat":[131],"product_tag":[],"class_list":{"0":"post-21845","1":"product","2":"type-product","3":"status-publish","4":"has-post-thumbnail","6":"product_cat-pick-and-place","8":"first","9":"instock","10":"shipping-taxable","11":"product-type-simple"},"_links":{"self":[{"href":"https:\/\/v2smt.com\/es\/wp-json\/wp\/v2\/product\/21845","targetHints":{"allow":["GET"]}}],"collection":[{"href":"https:\/\/v2smt.com\/es\/wp-json\/wp\/v2\/product"}],"about":[{"href":"https:\/\/v2smt.com\/es\/wp-json\/wp\/v2\/types\/product"}],"replies":[{"embeddable":true,"href":"https:\/\/v2smt.com\/es\/wp-json\/wp\/v2\/comments?post=21845"}],"version-history":[{"count":0,"href":"https:\/\/v2smt.com\/es\/wp-json\/wp\/v2\/product\/21845\/revisions"}],"wp:featuredmedia":[{"embeddable":true,"href":"https:\/\/v2smt.com\/es\/wp-json\/wp\/v2\/media\/21708"}],"wp:attachment":[{"href":"https:\/\/v2smt.com\/es\/wp-json\/wp\/v2\/media?parent=21845"}],"wp:term":[{"taxonomy":"brand","embeddable":true,"href":"https:\/\/v2smt.com\/es\/wp-json\/wp\/v2\/etheme_brands?post=21845"},{"taxonomy":"product_brand","embeddable":true,"href":"https:\/\/v2smt.com\/es\/wp-json\/wp\/v2\/product_brand?post=21845"},{"taxonomy":"product_cat","embeddable":true,"href":"https:\/\/v2smt.com\/es\/wp-json\/wp\/v2\/product_cat?post=21845"},{"taxonomy":"product_tag","embeddable":true,"href":"https:\/\/v2smt.com\/es\/wp-json\/wp\/v2\/product_tag?post=21845"}],"curies":[{"name":"wp","href":"https:\/\/api.w.org\/{rel}","templated":true}]}}