{"id":23350,"date":"2025-12-29T03:57:01","date_gmt":"2025-12-29T03:57:01","guid":{"rendered":"https:\/\/v2smt.com\/?post_type=product&#038;p=23350"},"modified":"2025-12-29T03:57:40","modified_gmt":"2025-12-29T03:57:40","slug":"vt-680-economic-offline-aoi-system","status":"publish","type":"product","link":"https:\/\/v2smt.com\/de\/products\/vt-680-economic-offline-aoi-system\/","title":{"rendered":"VT-680 Wirtschaftliches Offline-AOI-System"},"content":{"rendered":"<h1>VT-680 Wirtschaftliches Offline-AOI-System<\/h1>\n<h3><strong>VT-680 Offline-AOI-System<\/strong><\/h3>\n<p><strong>Pr\u00e4zisionsinspektion f\u00fcr SMT- und DIP-Produktionslinien<\/strong><\/p>\n<p>\ud83d\udd0d\u00a0<strong>Kernkompetenzen<\/strong>:<\/p>\n<ol>\n<li><strong>Vielseitiges PCB-Handling<\/strong>\n<ul>\n<li>Geeignet f\u00fcr Platten von\u00a0<strong>20\u00d720mm bis 450\u00d7350mm<\/strong>\u00a0(Dicke: 0,3-5,0 mm), die einzelne, mehrere oder\u00a0<strong>beidseitige Pr\u00fcfung<\/strong>\u00a0in einem Zyklus\u00a0<a class=\"citation-link\" href=\"https:\/\/yangcui319.cn.b2b168.com\/m\/supply\/v42012586.html\" rel=\"nofollow noopener\" target=\"_blank\"><img decoding=\"async\" class=\"citation-icon\" src=\"http:\/\/127.0.0.1:45001\/api\/images\/lu.png\" \/><\/a>\u00a0<a class=\"citation-link\" href=\"http:\/\/china.makepolo.com\/product-detail\/100342333146.html\" rel=\"nofollow noopener\" target=\"_blank\"><img decoding=\"async\" class=\"citation-icon\" src=\"http:\/\/127.0.0.1:45001\/api\/images\/lu.png\" \/><\/a>\u00a0<a class=\"citation-link\" href=\"https:\/\/www.hi1718.com\/product\/2013121713529147.html\" rel=\"nofollow noopener\" target=\"_blank\"><img decoding=\"async\" class=\"citation-icon\" src=\"http:\/\/127.0.0.1:45001\/api\/images\/lu.png\" \/><\/a>\u00a0.<\/li>\n<\/ul>\n<\/li>\n<li><strong>Umfassende Defekterkennung<\/strong>\n<ul>\n<li>Identifiziert\u00a0<strong>18+ kritische M\u00e4ngel<\/strong>Fehlen von Bauteilen, Grabsteine, \u00dcberbr\u00fcckungen, Fehlausrichtung, L\u00f6tl\u00f6cher, Verbiegen von IC-Stiften und Polarit\u00e4tsfehler\u00a0<a class=\"citation-link\" href=\"https:\/\/www.hi1718.com\/product\/2013121713529147.html\" rel=\"nofollow noopener\" target=\"_blank\"><img decoding=\"async\" class=\"citation-icon\" src=\"http:\/\/127.0.0.1:45001\/api\/images\/lu.png\" \/><\/a>\u00a0.<\/li>\n<\/ul>\n<\/li>\n<li><strong>Hochgeschwindigkeits-Pr\u00e4zision<\/strong>\n<ul>\n<li><strong>3MP<\/strong>\u00a0(1600\u00d71200) mit\u00a0<strong>18\u03bcm Aufl\u00f6sung<\/strong>\u00a0und mehrkanalige LED-Beleuchtung\u00a0<a class=\"citation-link\" href=\"https:\/\/www.hi1718.com\/product\/2013121713529147.html\" rel=\"nofollow noopener\" target=\"_blank\"><img decoding=\"async\" class=\"citation-icon\" src=\"http:\/\/127.0.0.1:45001\/api\/images\/lu.png\" \/><\/a>\u00a0.<\/li>\n<li><strong>800mm\/s Scan-Geschwindigkeit<\/strong>\u00a0und\u00a0<strong>&lt;8\u03bcm Positioniergenauigkeit<\/strong>\u00a0mit servogetriebener Mechanik\u00a0<a class=\"citation-link\" href=\"https:\/\/www.hi1718.com\/product\/2013121713529147.html\" rel=\"nofollow noopener\" target=\"_blank\"><img decoding=\"async\" class=\"citation-icon\" src=\"http:\/\/127.0.0.1:45001\/api\/images\/lu.png\" \/><\/a>\u00a0.<\/li>\n<\/ul>\n<\/li>\n<\/ol>\n<p>\u2699\ufe0f\u00a0<strong>Die wichtigsten Vorteile<\/strong>:<\/p>\n<ul>\n<li><strong>Beidseitige und Multi-PCB-Inspektion<\/strong>: Gleichzeitige Pr\u00fcfung beider Seiten von Platten oder mehreren Tafeln, wodurch der Durchsatz erh\u00f6ht wird\u00a0<a class=\"citation-link\" href=\"https:\/\/yangcui319.cn.b2b168.com\/m\/supply\/v42012586.html\" rel=\"nofollow noopener\" target=\"_blank\"><img decoding=\"async\" class=\"citation-icon\" src=\"http:\/\/127.0.0.1:45001\/api\/images\/lu.png\" \/><\/a>\u00a0<a class=\"citation-link\" href=\"http:\/\/china.makepolo.com\/product-detail\/100342333146.html\" rel=\"nofollow noopener\" target=\"_blank\"><img decoding=\"async\" class=\"citation-icon\" src=\"http:\/\/127.0.0.1:45001\/api\/images\/lu.png\" \/><\/a>\u00a0.<\/li>\n<li><strong>Keine Programmierkomplexit\u00e4t<\/strong>: Intuitives Windows-Betriebssystem mit\u00a0<strong>Englisch\/Chinesische Schnittstelle<\/strong>\u00a0und automatisierte Fehlerberichterstattung\u00a0<a class=\"citation-link\" href=\"https:\/\/www.hi1718.com\/product\/2013121713529147.html\" rel=\"nofollow noopener\" target=\"_blank\"><img decoding=\"async\" class=\"citation-icon\" src=\"http:\/\/127.0.0.1:45001\/api\/images\/lu.png\" \/><\/a>\u00a0.<\/li>\n<li><strong>Flexibler Einsatz<\/strong>: Kompakte Stellfl\u00e4che (900\u00d71100\u00d71300mm), Offline-Betrieb und\u00a0<strong>24\/7 Stabilit\u00e4t<\/strong>\u00a0(-10\u00b0C bis 40\u00b0C)\u00a0<a class=\"citation-link\" href=\"https:\/\/www.hi1718.com\/product\/2013121713529147.html\" rel=\"nofollow noopener\" target=\"_blank\"><img decoding=\"async\" class=\"citation-icon\" src=\"http:\/\/127.0.0.1:45001\/api\/images\/lu.png\" \/><\/a>\u00a0<a class=\"citation-link\" href=\"https:\/\/www.ekt-tech.com\/product\/36.html\" rel=\"nofollow noopener\" target=\"_blank\"><img decoding=\"async\" class=\"citation-icon\" src=\"http:\/\/127.0.0.1:45001\/api\/images\/lu.png\" \/><\/a>\u00a0.<\/li>\n<li><strong>Industrieerprobt<\/strong>: Vertrauen von EMS\/Automobilherstellern mit\u00a0<strong>1 Jahr landesweite Garantie<\/strong>\u00a0<a class=\"citation-link\" href=\"https:\/\/m.makepolo.com\/product\/100988453297.html\" rel=\"nofollow noopener\" target=\"_blank\"><img decoding=\"async\" class=\"citation-icon\" src=\"http:\/\/127.0.0.1:45001\/api\/images\/lu.png\" \/><\/a>\u00a0<a class=\"citation-link\" href=\"https:\/\/www.hi1718.com\/product\/2013121713529147.html\" rel=\"nofollow noopener\" target=\"_blank\"><img decoding=\"async\" class=\"citation-icon\" src=\"http:\/\/127.0.0.1:45001\/api\/images\/lu.png\" \/><\/a>\u00a0.<\/li>\n<\/ul>\n<blockquote><p><strong>Warum VT-680?<\/strong><br \/>\n<em>\u201cMit dem 90%, einem System f\u00fcr SMT\/DIP-Linien mit hohem Durchsatz, lassen sich die Fehlerquoten senken. Ideal f\u00fcr kostenbewusste Hersteller, die eine zuverl\u00e4ssige, bedienerfreundliche Inspektion ohne Kompromisse bei der Genauigkeit ben\u00f6tigen.\u201d<\/em><\/p><\/blockquote>\n<hr \/>\n<h3><strong>Aufruf zum Handeln (CTA)<\/strong>:<\/h3>\n<p>\u2705\u00a0<strong>Forcieren Sie Anfragen mit<\/strong>:<\/p>\n<ul>\n<li><strong>\u00dcberschrift<\/strong>:\u00a0<em>\u201cEliminieren Sie PCB-Defekte: Holen Sie sich noch heute Ihr VT-680-Angebot\u201d<\/em><\/li>\n<li><strong>Schaltfl\u00e4che<\/strong>:\u00a0<strong>\u201cLive-Demo anfordern\u201d<\/strong>\u00a0oder\u00a0<strong>\u201cDatenblatt herunterladen\u201d<\/strong><\/li>\n<li><strong>Anreiz<\/strong>:\u00a0<em>\u201cKostenlose Anwendungsbewertung: Optimieren Sie Ihre Rendite\u201d<\/em><\/li>\n<\/ul>\n<p>#OfflineAOI #PCBPr\u00fcfung #SMTQualit\u00e4t #VT680 #AOIMaschine #ElectronicsManufacturing<\/p>\n<p><strong>Ideal f\u00fcr<\/strong>:<\/p>\n<ul>\n<li>SMT\/DIP-Best\u00fcckung in mittleren St\u00fcckzahlen<\/li>\n<li>Automobil-, Industrie- und Unterhaltungselektronik<\/li>\n<li>Priorisierung der Einrichtungen\u00a0<strong>Benutzerfreundlichkeit<\/strong>\u00a0und\u00a0<strong>schneller ROI<\/strong><\/li>\n<\/ul>","protected":false},"excerpt":{"rendered":"<h2>VT-680 Wirtschaftliches Offline-AOI-System<\/h2>\n<p>Dies ist eine preisg\u00fcnstige, automatisierte optische Inspektionsmaschine, die f\u00fcr die Offline-Pr\u00e4zisionsqualit\u00e4tskontrolle in der Fertigung entwickelt wurde. Sie verf\u00fcgt \u00fcber eine 3MP-Hochgeschwindigkeits-Digital-Industriekamera mit telezentrischem Objektiv und RGB-LED-Beleuchtung.<\/p>","protected":false},"featured_media":23351,"comment_status":"open","ping_status":"closed","template":"","meta":{"iawp_total_views":8},"etheme_brands":[],"product_brand":[],"product_cat":[136],"product_tag":[],"class_list":{"0":"post-23350","1":"product","2":"type-product","3":"status-publish","4":"has-post-thumbnail","6":"product_cat-automated-optical-inspection","8":"first","9":"instock","10":"shipping-taxable","11":"product-type-simple"},"_links":{"self":[{"href":"https:\/\/v2smt.com\/de\/wp-json\/wp\/v2\/product\/23350","targetHints":{"allow":["GET"]}}],"collection":[{"href":"https:\/\/v2smt.com\/de\/wp-json\/wp\/v2\/product"}],"about":[{"href":"https:\/\/v2smt.com\/de\/wp-json\/wp\/v2\/types\/product"}],"replies":[{"embeddable":true,"href":"https:\/\/v2smt.com\/de\/wp-json\/wp\/v2\/comments?post=23350"}],"version-history":[{"count":0,"href":"https:\/\/v2smt.com\/de\/wp-json\/wp\/v2\/product\/23350\/revisions"}],"wp:featuredmedia":[{"embeddable":true,"href":"https:\/\/v2smt.com\/de\/wp-json\/wp\/v2\/media\/23351"}],"wp:attachment":[{"href":"https:\/\/v2smt.com\/de\/wp-json\/wp\/v2\/media?parent=23350"}],"wp:term":[{"taxonomy":"brand","embeddable":true,"href":"https:\/\/v2smt.com\/de\/wp-json\/wp\/v2\/etheme_brands?post=23350"},{"taxonomy":"product_brand","embeddable":true,"href":"https:\/\/v2smt.com\/de\/wp-json\/wp\/v2\/product_brand?post=23350"},{"taxonomy":"product_cat","embeddable":true,"href":"https:\/\/v2smt.com\/de\/wp-json\/wp\/v2\/product_cat?post=23350"},{"taxonomy":"product_tag","embeddable":true,"href":"https:\/\/v2smt.com\/de\/wp-json\/wp\/v2\/product_tag?post=23350"}],"curies":[{"name":"wp","href":"https:\/\/api.w.org\/{rel}","templated":true}]}}