{"id":23345,"date":"2025-12-29T03:08:33","date_gmt":"2025-12-29T03:08:33","guid":{"rendered":"https:\/\/v2smt.com\/?post_type=product&#038;p=23345"},"modified":"2025-12-29T03:09:31","modified_gmt":"2025-12-29T03:09:31","slug":"vt-980-ai-powered-aoi-system","status":"publish","type":"product","link":"https:\/\/v2smt.com\/de\/products\/vt-980-ai-powered-aoi-system\/","title":{"rendered":"VT-980 AI-gesteuertes AOI-System"},"content":{"rendered":"<h1>VT-980 AI-gesteuertes AOI-System<\/h1>\n<p>VT-980 AI-gesteuertes AOI-System<br \/>\nRevolutionierte Defekterkennung: 20MP-Pr\u00e4zision + KI-Optimierung<\/p>\n<p>\ud83d\udd0d Hauptmerkmale:<br \/>\n1. Ultrahochaufl\u00f6sende Bildgebung<br \/>\n- 20MP Industriekamera: Erkennung mikroskopischer Defekte bis zu **10\u03bcm** (z. B. L\u00f6tbr\u00fccken, fehlende Bauteile, Tombstoning).<br \/>\n2. Echte KI-Programmierung<br \/>\n- Smart Recipe Setup: Automatisches Erlernen von PCB-Layouts \u2192 80% schnellere Programmierung im Vergleich zur herk\u00f6mmlichen AOI.<br \/>\n- Selbstoptimierende Algorithmen: Reduzieren Sie falsche Anrufe um \u226560% mit kontinuierlichem Lernen.<br \/>\n3. Blitzschnelle Inspektion<br \/>\n- 0,25 Sekunden\/Bauteil-Durchsatz f\u00fcr komplexe HDI-, FPC- und starr-flexible Leiterplatten.<\/p>\n<p>\u2699\ufe0f Branchenf\u00fchrende Vorteile:<br \/>\n- Null Ausfallzeit: KI passt sich an Komponentenabweichungen an (Chargenwechsel\/Lieferantenwechsel).<br \/>\n- Zukunftssicher: Unterst\u00fctzt 01005-Miniaturisierung und PoP (Package-on-Package).<br \/>\n- Plug &amp; Inspect: 5-Minuten-Rezept-Setup f\u00fcr neue Boards.<\/p>\n<p>&gt; Warum VT-980?<br \/>\n&gt; \u201cReduziert die Austrittsraten auf &lt;100ppm und verringert die Abh\u00e4ngigkeit des Bedieners um 50%. Entwickelt f\u00fcr Tier-1-EMS-, Automobil- und Luftfahrthersteller, die keine Qualit\u00e4tskompromisse eingehen wollen.\u201d<\/p>\n<p>Gezielte Aufforderung zum Handeln (CTA):<br \/>\n\u2705 Fahren Sie Anfragen mit:<br \/>\n- \u00dcberschrift: \u201cErzielen Sie Null-Fehler-Entweichungen: Fordern Sie noch heute Ihre VT-980-Demo an\u201d<br \/>\n- Schaltfl\u00e4che: \u201cAngebot einholen | KI in Aktion sehen\u201d<br \/>\n- Schl\u00fcsselhaken: \u201cKostenlose ROI-Analyse: Berechnen Sie Ihre Ersparnisse\u201d<\/p>\n<p>$#AOISystem #20MPAOI #AIAOI #PCInspektion #SMTQualit\u00e4t #ElectronicsManufacturing #ZeroDefect$<\/p>\n<p>Perfekt f\u00fcr:<br \/>\n- EMS-Anbieter skalieren auf Industrie 4.0<br \/>\n- Hersteller von Leiterplatten f\u00fcr die Automobilindustrie (IATF 16949-konform)<br \/>\n- Hochkomplexe Produktionslinien mit hoher Mischung<\/p>","protected":false},"excerpt":{"rendered":"<h2>VT-980 AI-gesteuertes AOI-System<\/h2>\n<p>Dies ist eine fortschrittliche automatische optische Inspektionsmaschine, die f\u00fcr die Hochgeschwindigkeits- und Pr\u00e4zisions-Qualit\u00e4tskontrolle in der Fertigung entwickelt wurde. Sie verf\u00fcgt \u00fcber eine intelligente digitale Hochgeschwindigkeits-Industriekamera mit 20 MP, telezentrischem Objektiv und RGB-LED-Beleuchtung.<\/p>","protected":false},"featured_media":23346,"comment_status":"open","ping_status":"closed","template":"","meta":{"iawp_total_views":8},"etheme_brands":[],"product_brand":[],"product_cat":[136],"product_tag":[],"class_list":{"0":"post-23345","1":"product","2":"type-product","3":"status-publish","4":"has-post-thumbnail","6":"product_cat-automated-optical-inspection","8":"first","9":"instock","10":"shipping-taxable","11":"product-type-simple"},"_links":{"self":[{"href":"https:\/\/v2smt.com\/de\/wp-json\/wp\/v2\/product\/23345","targetHints":{"allow":["GET"]}}],"collection":[{"href":"https:\/\/v2smt.com\/de\/wp-json\/wp\/v2\/product"}],"about":[{"href":"https:\/\/v2smt.com\/de\/wp-json\/wp\/v2\/types\/product"}],"replies":[{"embeddable":true,"href":"https:\/\/v2smt.com\/de\/wp-json\/wp\/v2\/comments?post=23345"}],"version-history":[{"count":0,"href":"https:\/\/v2smt.com\/de\/wp-json\/wp\/v2\/product\/23345\/revisions"}],"wp:featuredmedia":[{"embeddable":true,"href":"https:\/\/v2smt.com\/de\/wp-json\/wp\/v2\/media\/23346"}],"wp:attachment":[{"href":"https:\/\/v2smt.com\/de\/wp-json\/wp\/v2\/media?parent=23345"}],"wp:term":[{"taxonomy":"brand","embeddable":true,"href":"https:\/\/v2smt.com\/de\/wp-json\/wp\/v2\/etheme_brands?post=23345"},{"taxonomy":"product_brand","embeddable":true,"href":"https:\/\/v2smt.com\/de\/wp-json\/wp\/v2\/product_brand?post=23345"},{"taxonomy":"product_cat","embeddable":true,"href":"https:\/\/v2smt.com\/de\/wp-json\/wp\/v2\/product_cat?post=23345"},{"taxonomy":"product_tag","embeddable":true,"href":"https:\/\/v2smt.com\/de\/wp-json\/wp\/v2\/product_tag?post=23345"}],"curies":[{"name":"wp","href":"https:\/\/api.w.org\/{rel}","templated":true}]}}