{"id":23168,"date":"2025-08-26T08:14:38","date_gmt":"2025-08-26T08:14:38","guid":{"rendered":"https:\/\/v2smt.com\/?post_type=product&#038;p=23168"},"modified":"2025-08-26T08:35:16","modified_gmt":"2025-08-26T08:35:16","slug":"pcba-cleaning-machine-v560","status":"publish","type":"product","link":"https:\/\/v2smt.com\/de\/products\/pcba-cleaning-machine-v560\/","title":{"rendered":"PCBA-Reinigungsmaschine V560"},"content":{"rendered":"<h1>PCBA-Reinigungsmaschine V560<\/h1>\n<p>Hauptvorteile der V560 PCBA-Flussmittel-Reinigungsanlage\/PCBA-Reinigungsmaschine V560<\/p>\n<p>1. All-in-One-Kammerdesign \u25e6 Reinigung, Sp\u00fclung, Trocknung in einer einzigen geschlossenen Kammer \u2192 Eliminierung von Transferverlusten und Kreuzkontaminationsrisiken. Ideal f\u00fcr kompakte Produktionsfl\u00e4chen.<\/p>\n<p>2. Erweiterte Multi-Modell-Kompatibilit\u00e4t \u25e6 Verwendet branchenf\u00fchrende Prozesse, um 100% Sauberkeit \u00fcber verschiedene PCBA-Modelle hinweg zu liefern \u2192 Gew\u00e4hrleistet gleichbleibend hohe Qualit\u00e4t unabh\u00e4ngig von Produktvariationen. Unterst\u00fctzt effizient gemischte SMT-Linien.<\/p>\n<p>3. Vollautomatischer Arbeitsablauf \u25e6 Nach manuellem Laden und Touchscreen-Programmierung:<br \/>\n\u2705 Automatisiert den gesamten Zyklus (Start\u2192Stop\u2192Reset)<br \/>\n\u2705 Selbstr\u00fcckstellend f\u00fcr aufeinanderfolgende Chargen \u2192 Minimiert Bedienereingriffe, reduziert Arbeitskosten.<\/p>\n<p>4. Umweltfreundliche &amp; sichere Chemie \u25e6 Verwendet ungef\u00e4hrliche Fl\u00fcssigkeiten auf Wasserbasis oder DI-Wasser als Reinigungsmittel \u2192 Keine giftigen D\u00e4mpfe\/VOC-Emissionen. Sicher f\u00fcr das Bedienpersonal, keine PSA-Anforderungen. Geringe Abfallentsorgungskosten im Vergleich zu L\u00f6semittelsystemen.<\/p>\n<p>5. Integrierte Systemarchitektur \u25e6 Dedizierte Teilsysteme f\u00fcr kritische Funktionen:<br \/>\n\ud83d\udd27 Pr\u00e4zisionsreinigung \u2192 Gr\u00fcndliche Sp\u00fclung \u2192 Kontrollierte Trocknung \u2192 Aktive Filtration \u2192 Maximiert Betriebszeit und Wiederholbarkeit. Das Gleichgewicht zwischen Gas- und Stromverbrauch optimiert die Energieeffizienz.<\/p>\n<p>6. Benutzerorientierte Ergonomie \u25e6 Intuitive Touchscreen-HMI steuert komplexe Parameter m\u00fchelos \u2192 Kurze Einarbeitungszeiten. Die Schnittstelle f\u00fcr manuelle Beladung vereinfacht die Chargenhandhabung, ohne die Vorteile der Automatisierung zu beeintr\u00e4chtigen.<\/p>\n<p>7. Hohe Leistung und Zuverl\u00e4ssigkeit \u25e6 Speziell f\u00fcr SMLs (Small-Medium Lines) entwickelt: Hohe Durchsatzdichte + industrietaugliche Komponenten \u2192 Dauerhafte Betriebszeit in anspruchsvollen Umgebungen. Neuartiges Design kombiniert Geschwindigkeit, Sicherheit und Skalierbarkeit.<\/p>\n<table width=\"1062\">\n<tbody>\n<tr>\n<td width=\"205\"><b>Abmessungen der Reinigungskammer<\/b><\/td>\n<td width=\"324\">L690xB620xH715 (mm)<\/td>\n<td width=\"192\"><b>Sprinkleranlage<\/b><\/td>\n<td width=\"340\">Nach oben und unten rotierende 360-Grad-Spritzreinigung<\/td>\n<\/tr>\n<tr>\n<td width=\"205\"><b>Gr\u00f6\u00dfe des Waschkorbs<\/b><\/td>\n<td width=\"324\">L610xB560xH100(mm) doppellagige Ausf\u00fchrung<\/td>\n<td width=\"192\"><b>Druckbereich des Reinigungsstrahls<\/b><\/td>\n<td width=\"340\">0,3~0,6(Mpa)<\/td>\n<\/tr>\n<tr>\n<td width=\"205\"><b>Fassungsverm\u00f6gen des Konzentratbeh\u00e4lters<\/b><\/td>\n<td width=\"324\">30L<\/td>\n<td width=\"192\"><b>Fassungsverm\u00f6gen des Spritzbeh\u00e4lters<\/b><\/td>\n<td width=\"340\">17L-23L<\/td>\n<\/tr>\n<tr>\n<td width=\"205\"><b>Fassungsverm\u00f6gen des Verd\u00fcnnungsmitteltanks<\/b><\/td>\n<td width=\"324\">70L<\/td>\n<td width=\"192\"><b>Beladung des Waschkorbs<\/b><\/td>\n<td width=\"340\">100KG<\/td>\n<\/tr>\n<tr>\n<td width=\"205\"><b>Grobe Waschzeit<\/b><\/td>\n<td width=\"324\">3~8 Minuten (Referenz)<\/td>\n<td width=\"192\"><b>Sp\u00fcldauer<\/b><\/td>\n<td width=\"340\">1~2 Minuten\/Zeit, 1-10 Mal (nach Bedarf einstellen)<\/td>\n<\/tr>\n<tr>\n<td width=\"205\"><b>Trocknungszeit<\/b><\/td>\n<td width=\"324\">20~30 Minuten (Referenz)<\/td>\n<td width=\"192\"><b>Heiztemperatur der Fl\u00fcssigkeit<\/b><\/td>\n<td width=\"340\">~75P<\/td>\n<\/tr>\n<tr>\n<td width=\"205\"><b>Kompensationsleistung der Innenraumtemperatur<\/b><\/td>\n<td width=\"324\">6KW<\/td>\n<td width=\"192\"><b>Hei\u00dflufttrocknungstemperatur Raumtemperatur<\/b><\/td>\n<td width=\"340\">~99P<\/td>\n<\/tr>\n<tr>\n<td width=\"205\"><b>Leistung der L\u00f6semitteltankheizung<\/b><\/td>\n<td width=\"324\">9KW<\/td>\n<td width=\"192\"><b>Leistung der Trocknungsheizung<\/b><\/td>\n<td width=\"340\">6KW<\/td>\n<\/tr>\n<tr>\n<td width=\"205\"><b>Leistung der horizontalen Spr\u00fchpumpe<\/b><\/td>\n<td width=\"324\">5,5KW<\/td>\n<td width=\"192\"><b>Messbereich des Widerstandsmessers<\/b><\/td>\n<td width=\"340\">0~ 18MQ-cm<\/td>\n<\/tr>\n<tr>\n<td width=\"205\"><b>Luftquelle<\/b><\/td>\n<td width=\"324\">0.4-0.7Mpa<\/td>\n<td width=\"192\"><b>Wasserzulauf und -ablauf<\/b><\/td>\n<td width=\"340\">1-Zoll-Schnellverschluss-Schnittstelle<\/td>\n<\/tr>\n<tr>\n<td width=\"205\"><b>Stromzufuhr<\/b><\/td>\n<td width=\"324\">AC380V 3P,50\/60HZ 27KW<\/td>\n<td width=\"192\"><b>Gewicht der Maschine<\/b><\/td>\n<td width=\"340\">400KG<\/td>\n<\/tr>\n<tr>\n<td width=\"205\"><b>Gr\u00f6\u00dfe der Maschine<\/b><\/td>\n<td width=\"324\">L1200xB1100xH 1780\u00b130(mm)<\/td>\n<td width=\"192\"><b>Gr\u00f6\u00dfe der Auslass\u00f6ffnung<\/b><\/td>\n<td width=\"340\">\u03a6100*30H(mm)<\/td>\n<\/tr>\n<tr>\n<td width=\"205\"><b>3-stufiges Filtersystem<\/b><\/td>\n<td colspan=\"3\" width=\"857\">Filterstufe 1 (filtert Verunreinigungen und Etiketten) Filterstufe 2 (filtert kleine Partikel und Lotpaste) Filterstufe 3 5um (filtert kleine Partikel und Kolophonium)<\/td>\n<\/tr>\n<tr>\n<td width=\"205\"><b>Menge f\u00fcr eine Reinigung<\/b><\/td>\n<td colspan=\"3\" width=\"857\">Berechnet auf Basis der PCBA-Plattengr\u00f6\u00dfe L200\u00d7B100\u00d7H20 (mm), jede Charge kann 100-160 St\u00fcck waschen<\/td>\n<\/tr>\n<\/tbody>\n<\/table>","protected":false},"excerpt":{"rendered":"<h2>PCBA-Reinigungsmaschine V560<\/h2>\n<p><strong>PCBA-Flussmittelreinigungsanlagen f\u00fcr kleine bis mittlere Produktionslinien.<\/strong>\u00a0Das V560 f\u00fchrt einen typischen Batch-Reinigungsprozess durch, bei dem alle Schritte - Reinigung, Sp\u00fclung und Trocknung - in einer einzigen Kammer durchgef\u00fchrt werden. Sie verbessert die Reinigungsqualit\u00e4t bei der Herstellung von PCBAs mit mehreren Modellen, indem sie die fortschrittlichsten Verfahren der Branche einsetzt, um 100%-Sauberkeit und Umweltschutz zu erreichen. Die Maschine besteht aus Systemen zur Reinigung, Sp\u00fclung, Trocknung und Filtration und wird mit Strom und Gas betrieben. Ein Bediener l\u00e4dt die Leiterplatten manuell in die Reinigungskammer und stellt dann \u00fcber den Touchscreen die Parameter f\u00fcr die einzelnen Schritte ein. Nach dem Start f\u00fchrt die Maschine automatisch den gesamten Zyklus durch. Nach Abschluss des Zyklus stoppt sie automatisch und stellt sich f\u00fcr die n\u00e4chste Charge neu ein. Dieses benutzerfreundliche Design steigert sowohl die Produktionseffizienz als auch die Produktqualit\u00e4t erheblich. Als neue, leistungsstarke, vollautomatische L\u00f6sung verwendet die Anlage eine Fl\u00fcssigkeit auf Wasserbasis oder DI-Wasser als ungef\u00e4hrliches, personensicheres Reinigungsmittel.<\/p>","protected":false},"featured_media":23162,"comment_status":"closed","ping_status":"closed","template":"","meta":{"iawp_total_views":6},"etheme_brands":[],"product_brand":[],"product_cat":[182],"product_tag":[],"class_list":{"0":"post-23168","1":"product","2":"type-product","3":"status-publish","4":"has-post-thumbnail","6":"product_cat-pcb-cleaning-machine","8":"first","9":"instock","10":"shipping-taxable","11":"product-type-simple"},"_links":{"self":[{"href":"https:\/\/v2smt.com\/de\/wp-json\/wp\/v2\/product\/23168","targetHints":{"allow":["GET"]}}],"collection":[{"href":"https:\/\/v2smt.com\/de\/wp-json\/wp\/v2\/product"}],"about":[{"href":"https:\/\/v2smt.com\/de\/wp-json\/wp\/v2\/types\/product"}],"replies":[{"embeddable":true,"href":"https:\/\/v2smt.com\/de\/wp-json\/wp\/v2\/comments?post=23168"}],"version-history":[{"count":0,"href":"https:\/\/v2smt.com\/de\/wp-json\/wp\/v2\/product\/23168\/revisions"}],"wp:featuredmedia":[{"embeddable":true,"href":"https:\/\/v2smt.com\/de\/wp-json\/wp\/v2\/media\/23162"}],"wp:attachment":[{"href":"https:\/\/v2smt.com\/de\/wp-json\/wp\/v2\/media?parent=23168"}],"wp:term":[{"taxonomy":"brand","embeddable":true,"href":"https:\/\/v2smt.com\/de\/wp-json\/wp\/v2\/etheme_brands?post=23168"},{"taxonomy":"product_brand","embeddable":true,"href":"https:\/\/v2smt.com\/de\/wp-json\/wp\/v2\/product_brand?post=23168"},{"taxonomy":"product_cat","embeddable":true,"href":"https:\/\/v2smt.com\/de\/wp-json\/wp\/v2\/product_cat?post=23168"},{"taxonomy":"product_tag","embeddable":true,"href":"https:\/\/v2smt.com\/de\/wp-json\/wp\/v2\/product_tag?post=23168"}],"curies":[{"name":"wp","href":"https:\/\/api.w.org\/{rel}","templated":true}]}}