{"id":23163,"date":"2025-08-26T07:55:13","date_gmt":"2025-08-26T07:55:13","guid":{"rendered":"https:\/\/v2smt.com\/?post_type=product&#038;p=23163"},"modified":"2025-08-26T08:12:01","modified_gmt":"2025-08-26T08:12:01","slug":"fully-automatic-pcb-cleaning-machine-v1400","status":"publish","type":"product","link":"https:\/\/v2smt.com\/de\/products\/fully-automatic-pcb-cleaning-machine-v1400\/","title":{"rendered":"Vollautomatische PCB-Reinigungsmaschine V1400"},"content":{"rendered":"<h1>Vollautomatische PCB-Reinigungsmaschine V1400<\/h1>\n<p><strong>Pr\u00e4zisions-PCB-Reinigungssystem: Ultraschall + Spr\u00fchtechnik <\/strong><\/p>\n<p><strong>- Automatisiertes Fl\u00fcssigkeitsmanagement <\/strong><\/p>\n<p><strong>- Closed-Loop-Filtration (Zinnperlen enthalten) <\/strong><\/p>\n<p><strong>- Waschmittel-Recycling <\/strong><\/p>\n<p><strong>- Normale visuelle \u00dcberwachung <\/strong><\/p>\n<p><strong>- Vollst\u00e4ndig automatisierte PLC-Steuerung <\/strong><\/p>\n<p><strong>- Energieeffizienter Betrieb <\/strong><\/p>\n<p><strong>- Hochbelastbare Konstruktion aus Edelstahl <\/strong><\/p>\n<p><strong>- Sichere Abstreiferkonstruktion<\/strong><\/p>\n<table width=\"1112\">\n<tbody>\n<tr>\n<td width=\"231\"><b>Durchmesser des Reinigungskorbs<\/b><\/td>\n<td width=\"280\"><b>210mm, spezielle Spezifikationen k\u00f6nnen angepasst werden<\/b><\/td>\n<td width=\"246\"><b>Prinzip der Reinigung<\/b><\/td>\n<td width=\"354\"><b>Hochdruck-Spritzreinigung + langsame Rotationstauch-Ultraschallreinigung<\/b><\/td>\n<\/tr>\n<tr>\n<td width=\"231\">Fassungsverm\u00f6gen des Tanks f\u00fcr Reinigungs- und Sp\u00fclfl\u00fcssigkeit<\/td>\n<td width=\"280\">60L<\/td>\n<td width=\"246\">Optimale Kapazit\u00e4t des Tanks f\u00fcr Reinigungs- und Sp\u00fclfl\u00fcssigkeit<\/td>\n<td width=\"354\">45L<\/td>\n<\/tr>\n<tr>\n<td width=\"231\">Grobwaschzeit<\/td>\n<td width=\"280\">1-3 Minuten (nur zur Information)<\/td>\n<td width=\"246\">Ultraschall-Reinigungszeit<\/td>\n<td width=\"354\">3-8 Minuten (nur zur Information)<\/td>\n<\/tr>\n<tr>\n<td width=\"231\">Zeit f\u00fcr sekund\u00e4re Spritzreinigung<\/td>\n<td width=\"280\">1-3 Minuten (nur zur Information)<\/td>\n<td width=\"246\">Sp\u00fclung und Waschzeit<\/td>\n<td width=\"354\">1-3 Minuten (nur zur Information)<\/td>\n<\/tr>\n<tr>\n<td width=\"231\">Trocknungszeit<\/td>\n<td width=\"280\">3-7 Minuten (nur zur Information)<\/td>\n<td width=\"246\">Heiztemperatur der Fl\u00fcssigkeit<\/td>\n<td width=\"354\">Raumtemperatur - 80P (nach Bedarf einstellen)<\/td>\n<\/tr>\n<tr>\n<td width=\"231\">Ultraschall-Leistung<\/td>\n<td width=\"280\">1,5KW<\/td>\n<td width=\"246\">Temperatur der Hei\u00dflufttrocknung<\/td>\n<td width=\"354\">Raumtemperatur - 80P (nach Bedarf einstellen)<\/td>\n<\/tr>\n<tr>\n<td width=\"231\">Heizleistung des L\u00f6sungsmitteltanks<\/td>\n<td width=\"280\">7KW<\/td>\n<td width=\"246\">Leistung der Trockenheizung<\/td>\n<td width=\"354\">6KW<\/td>\n<\/tr>\n<tr>\n<td width=\"231\">Gasquelle<\/td>\n<td width=\"280\">0,4-0,7(Mpa)<\/td>\n<td width=\"246\">Wasserzulauf und -ablauf<\/td>\n<td width=\"354\">1-Zoll-Schnellverbindungsschnittstelle<\/td>\n<\/tr>\n<tr>\n<td width=\"231\">Stromzufuhr<\/td>\n<td width=\"280\">AC380V 3P, 50\/60HZ 16.5KW<\/td>\n<td width=\"246\">Gewicht der Maschine<\/td>\n<td width=\"354\">320KG<\/td>\n<\/tr>\n<tr>\n<td width=\"231\">Gr\u00f6\u00dfe der Maschine<\/td>\n<td width=\"280\">L1400xW950xH1350\u00b130mm<\/td>\n<td width=\"246\">Gr\u00f6\u00dfe der Auslass\u00f6ffnung<\/td>\n<td width=\"354\">\u03a6120*25H(mm)<\/td>\n<\/tr>\n<tr>\n<td width=\"231\">Filtersystem der Stufe 3<\/td>\n<td colspan=\"3\" width=\"881\">Stufe 1 Filtergewebe (filtert Verunreinigungen und Etiketten) Stufe 2 Filterbeutel (filtert kleine Partikel und Lotpaste) Stufe 3 Filterelement 5um (filtert Mikropartikel und Lotpaste)<\/td>\n<\/tr>\n<tr>\n<td width=\"231\">Anzahl der gleichzeitigen Reinigungen<\/td>\n<td colspan=\"3\" width=\"881\">200-600mm L\u00e4nge, jeweils 12-6 St\u00fcck reinigen<\/td>\n<\/tr>\n<\/tbody>\n<\/table>","protected":false},"excerpt":{"rendered":"<h2>Vollautomatische PCB-Reinigungsmaschine V1400<\/h2>\n<p>Das innovative Rotations-Ultraschallsystem in Verbindung mit dem Sekund\u00e4rspray gew\u00e4hrleistet eine gr\u00fcndliche Leiterplattenreinigung. Zu den Merkmalen geh\u00f6ren die automatische Fl\u00fcssigkeitsabgabe\/-entleerung \u00fcber eine pneumatische Pumpe, eine gefilterte Echtzeitsp\u00fclung, die Zinnperlen von den Schaberoberfl\u00e4chen fernh\u00e4lt, eine L\u00f6tpastenabsaugung f\u00fcr das Reinigungsmittelrecycling und ein Sichtfenster zur Prozess\u00fcberwachung. Die Bedienung erfolgt \u00fcber eine SPS mit mehreren programmierbaren Modi f\u00fcr eine einfache Handhabung. Geringer Fl\u00fcssigkeits-\/Stromverbrauch und keine Umweltverschmutzung durch den langlebigen 304-Edelstahlrahmen, w\u00e4hrend die einzigartige rutschfeste Abstreifereinrichtung die Sicherheit erh\u00f6ht.<\/p>","protected":false},"featured_media":23162,"comment_status":"closed","ping_status":"closed","template":"","meta":{"iawp_total_views":50},"etheme_brands":[],"product_brand":[],"product_cat":[182],"product_tag":[],"class_list":{"0":"post-23163","1":"product","2":"type-product","3":"status-publish","4":"has-post-thumbnail","6":"product_cat-pcb-cleaning-machine","8":"first","9":"instock","10":"shipping-taxable","11":"product-type-simple"},"_links":{"self":[{"href":"https:\/\/v2smt.com\/de\/wp-json\/wp\/v2\/product\/23163","targetHints":{"allow":["GET"]}}],"collection":[{"href":"https:\/\/v2smt.com\/de\/wp-json\/wp\/v2\/product"}],"about":[{"href":"https:\/\/v2smt.com\/de\/wp-json\/wp\/v2\/types\/product"}],"replies":[{"embeddable":true,"href":"https:\/\/v2smt.com\/de\/wp-json\/wp\/v2\/comments?post=23163"}],"version-history":[{"count":0,"href":"https:\/\/v2smt.com\/de\/wp-json\/wp\/v2\/product\/23163\/revisions"}],"wp:featuredmedia":[{"embeddable":true,"href":"https:\/\/v2smt.com\/de\/wp-json\/wp\/v2\/media\/23162"}],"wp:attachment":[{"href":"https:\/\/v2smt.com\/de\/wp-json\/wp\/v2\/media?parent=23163"}],"wp:term":[{"taxonomy":"brand","embeddable":true,"href":"https:\/\/v2smt.com\/de\/wp-json\/wp\/v2\/etheme_brands?post=23163"},{"taxonomy":"product_brand","embeddable":true,"href":"https:\/\/v2smt.com\/de\/wp-json\/wp\/v2\/product_brand?post=23163"},{"taxonomy":"product_cat","embeddable":true,"href":"https:\/\/v2smt.com\/de\/wp-json\/wp\/v2\/product_cat?post=23163"},{"taxonomy":"product_tag","embeddable":true,"href":"https:\/\/v2smt.com\/de\/wp-json\/wp\/v2\/product_tag?post=23163"}],"curies":[{"name":"wp","href":"https:\/\/api.w.org\/{rel}","templated":true}]}}