{"id":22996,"date":"2025-05-08T08:35:43","date_gmt":"2025-05-08T08:35:43","guid":{"rendered":"https:\/\/v2smt.com\/?post_type=product&#038;p=22996"},"modified":"2025-05-08T08:35:43","modified_gmt":"2025-05-08T08:35:43","slug":"aes8000-handheld-spectrometer","status":"publish","type":"product","link":"https:\/\/v2smt.com\/de\/products\/aes8000-handheld-spectrometer\/","title":{"rendered":"AES8000 Handspektrometer"},"content":{"rendered":"<p>Das tragbare Spektrometer AES8000 ist ein hochmodernes, tragbares Analyseinstrument f\u00fcr die schnelle, zerst\u00f6rungsfreie Analyse der Materialzusammensetzung in der Industrie, in der Fertigung und vor Ort. Dank der fortschrittlichen R\u00f6ntgenfluoreszenz (XRF)-Technologie erm\u00f6glicht es eine hochpr\u00e4zise Bestimmung der Elementzusammensetzung und der Legierungsgrade und ist damit ein unverzichtbares Werkzeug f\u00fcr die Qualit\u00e4tskontrolle, die Materialpr\u00fcfung und die Schrottsortierung.  <\/p>\n<p>AES8000 Handspektrometer Hauptmerkmale<br \/>\n1. Multi-Element-Analyse<br \/>\n    Detektiert eine breite Palette von Elementen (z. B. Ti, V, Cr, Mn, Fe, Co, Ni, Cu, Zn, W, Pb usw.) mit einer Empfindlichkeit im ppm-Bereich.<br \/>\n    Geeignet f\u00fcr Metalle, Legierungen, Kunststoffe, Keramiken und andere Materialien.  <\/p>\n<p>2. Identifizierung der Legierungssorte<br \/>\n    Sofortige Identifizierung von Legierungssorten (z. B. Edelstahl, Aluminium, Titan) mit einer eingebauten Bibliothek von \u00fcber 1.000 Standardsorten.<br \/>\n    Unterst\u00fctzt benutzerdefinierte Bibliothekserg\u00e4nzungen f\u00fcr spezielle Anwendungen.  <\/p>\n<p>3. Hochleistungsdetektion<br \/>\n    Ausgestattet mit einem hochaufl\u00f6senden SDD-Detektor (Silicon Drift Detector) f\u00fcr schnelle und genaue Ergebnisse (1-3 Sekunden).<br \/>\n    Optimiert f\u00fcr anspruchsvolle Umgebungen, einschlie\u00dflich hoher\/niedriger Temperaturen und Feuchtigkeit.  <\/p>\n<p>4. Tragbarkeit und Langlebigkeit<br \/>\n    Geringes Gewicht (&lt;1,5 kg) und ergonomisches Design f\u00fcr Einhandbedienung.  \n    IP54-zertifiziertes, robustes Geh\u00e4use f\u00fcr Staub-\/Wasserbest\u00e4ndigkeit und Fallschutz.  \n\n5. Benutzerfreundliches Interface\n    Gro\u00dfer kapazitiver 4-Zoll-Touchscreen mit intuitiver Software.  \n    Datenvisualisierung in Echtzeit, einschlie\u00dflich Spektraldiagramme und Konzentrationswerte.  \n\n6. Verl\u00e4ngerte Batterielebensdauer\n    Die wiederaufladbare Lithium-Batterie erm\u00f6glicht einen Dauerbetrieb von \u00fcber 8 Stunden.  \n    Hotswappable-Akku-Design f\u00fcr einen unterbrechungsfreien Arbeitsablauf.  \n\n7. Datenverwaltung\n    Speichert Tausende von Testergebnissen lokal; unterst\u00fctzt USB, WiFi und Bluetooth f\u00fcr den Datenexport.  \n    Kompatibel mit PC\/Mac-Software f\u00fcr erweiterte Berichte und Analysen.  \n\n\nTechnische Daten des AES8000 Handspektrometers\n Detektionsbereich: Mg (12) bis U (92)\n Genauigkeit: \u22640,05% (f\u00fcr Hauptelemente)\n Anregungsquelle: 50 kV\/200 \u03bcA Mikrofokus-R\u00f6ntgenr\u00f6hre\n Anzeige: 4-Zoll-HD-Touchscreen\n Betriebssystem: Android-basierte Plattform\n Konnektivit\u00e4t: USBC, WiFi, Bluetooth\n Batterie: 7,4 V, 6800 mAh Lithium-Batterie\n\nAES8000 Handspektrometer Anwendungen\n Metallherstellung: Schnelle Legierungspr\u00fcfung, Rohmaterialinspektion.  \n Schrott-Recycling: Effiziente Sortierung von Nichteisenmetallen und -legierungen.  \n Luft- und Raumfahrt &amp; Automotive: Konformit\u00e4tspr\u00fcfung f\u00fcr kritische Komponenten.  \n Umwelt\u00fcberwachung: Nachweis von Schwermetallen in B\u00f6den, Beschichtungen oder Konsumg\u00fctern.  \n Arch\u00e4ologie und Artefaktanalyse: Zerst\u00f6rungsfreie Materialcharakterisierung.  \n\n\nAES8000 Handspektrometer Vorteile\n Zerst\u00f6rungsfreie Pr\u00fcfung: Bewahrt die Integrit\u00e4t der Probe.  \n Ergebnisse in Laborqualit\u00e4t direkt vor Ort: Erspart zeitaufw\u00e4ndige Laboreinsendungen.  \n Bereit zur Einhaltung von Vorschriften: Erf\u00fcllt ASTM-, ISO- und RoHS-Normen.  \n\n\nDas AES8000 Handspektrometer kombiniert modernste Technologie mit robuster Mobilit\u00e4t und erm\u00f6glicht es Fachleuten in allen Branchen, schnell und sicher fundierte Entscheidungen zu treffen. Es ist ideal f\u00fcr Ingenieure, Qualit\u00e4tspr\u00fcfer und Au\u00dfendiensttechniker und setzt neue Ma\u00dfst\u00e4be f\u00fcr tragbare Analyseger\u00e4te.  \n<\/p>","protected":false},"excerpt":{"rendered":"<p>AES8000 Handspektrometer Anwendungsbereich und Eigenschaften<br \/>\n\uf06cExcellent Leistung (Vor-Ort-Einsatz, verlustfrei, schnell, genau, genau)<br \/>\nHohe Genauigkeit, schnelle Geschwindigkeit, in der N\u00e4he der Ebene der Analyse von Labor-Ebenen, kann direkt die Legierung Kartennummer und Element prozentualen Anteil und PPM Inhalt. Der gesamte Analyseprozess kann in nur wenigen Sekunden abgeschlossen werden. Die Vertragsnummer betr\u00e4gt nur 1 bis 2 Sekunden. Ein-Klick-Bedienung, die auch von nicht-technischem Personal leicht beherrscht werden kann.<br \/>\n\uf06cNon - Zerst\u00f6rungsfreie Erkennung\uff08NDT\uff09<br \/>\nOhne Besch\u00e4digung oder die Verwendung des Objekts der Erkennung Objekt, kein Schaden ist Gewebe im Inneren des erkannten Objekts, das gesamte Pr\u00fcfverfahren ist nicht besch\u00e4digt.<br \/>\n\uf06cAnalytical software<br \/>\nFernsteuerungssystem: Sowohl Windows-basierte PCs als auch Android-basierte Mobilger\u00e4te k\u00f6nnen die Instrumente \u00fcber die Software bedienen, um eine Datensynchronisation \u00fcber mehrere Plattformen (Instrument, PC, Mobilger\u00e4t, Cloud) zu erreichen. Die Software bietet Funktionen wie Datenanalyse, Spektrumsanzeige und Berichtsdruck. Der Ger\u00e4te-Client hat die M\u00f6glichkeit, Analyseberichte per E-Mail zu versenden, Fernsteuerungssystem, sowohl Windows-basierte PCs als auch Android-basierte Mobilger\u00e4te k\u00f6nnen die Ger\u00e4te \u00fcber die Software bedienen, um eine Datensynchronisation \u00fcber mehrere Plattformen (Ger\u00e4t, PC, Mobilger\u00e4t, Cloud) zu erreichen. Die Software bietet Funktionen wie Datenanalyse, Spektrumsanzeige und Berichtsdruck. Der Ger\u00e4te-Client hat die M\u00f6glichkeit, Analyseberichte per E-Mail zu versenden.<br \/>\n\uf06cWaste Recycling und Sortierung<br \/>\nDas Recycling und die Wiederverwendung von Altmetallen umfasst die Analyse, Pr\u00fcfung und Sortierung einer Vielzahl von Legierungsarten und Materialien vor Ort. So k\u00f6nnen sowohl K\u00e4ufer als auch Verk\u00e4ufer bei Transaktionen schnelle und zuverl\u00e4ssige Urteile f\u00e4llen. Quantitative Analyse von Metallkomponenten wie Ferrolegierungen (Edelstahl usw.), Kupferlegierungen, Aluminiumlegierungen, Kupfer-Eisen-Legierungen, Blei-Zinn-Legierungen und Hybridlegierungen sowie schnelle Materialidentifizierung und -sortierung vor Ort.<br \/>\n\uf06cApplication Bereiche und Sicherheit, Normen (Kraftwerke, Maschinen, Petrochemie, Milit\u00e4r, usw.)<\/p>\n<p>Legierungsmaterial-Identifizierung (PMI), Eingangskontrolle, Bestandsmaterialverwaltung, Wiederholungspr\u00fcfung von Installationsmaterialien zur Vermeidung schwerer Sicherheitsunf\u00e4lle durch Vermischung oder Verwendung unqualifizierter Materialien in Branchen wie Petrochemie, Metallschmelzen, Druckbeh\u00e4lter, Kraftwerke, Petrochemie, Feinchemikalien, Pharmazeutika, Gie\u00dferei, Luft- und Raumfahrt usw., um die Sicherheit von Prozessausr\u00fcstungsmaterialien zu gew\u00e4hrleisten. Anpassung an Industrienormen wie American Society for Testing and Materials (ASTM), Chinese National Standards (GB), UNS, Power Industry Standards (DL), API, JIS, GMP, TSG, Mechanical Industry Standards (JB) sowie an internationale und nationale Normen.<br \/>\n\uf06cQuality Kontrolle und Qualit\u00e4tssicherung (QC\/QA) und wirksame Fehlervermeidung (PKKA-YOKE)<br \/>\nIn der metallverarbeitenden und -herstellenden Industrie sind Qualit\u00e4tskontrolle und Qualit\u00e4tssicherung (QC\/QA) von Materialien (Rohstoffen), Halbzeugen und Fertigerzeugnissen sowie eine wirksame Fehlervermeidung (PKKA-YOKE) von wesentlicher Bedeutung. Die Vermischung oder Verwendung unqualifizierter Materialien f\u00fchrt unweigerlich zu Verlusten f\u00fcr das Unternehmen. Verschiedene Fertigungsindustrien, von kleinen metallverarbeitenden Betrieben bis hin zu gro\u00dfen Flugzeugherstellern.<br \/>\n\uf06cData Verarbeitung und Unternehmensressourcenplanung (ERP)<br \/>\nF\u00fcr die Daten\u00fcbertragung werden mehrere Methoden wie WIFI und drahtloses Bluetooth verwendet, und Dateien k\u00f6nnen per E-Mail versendet, \u00fcber Bluetooth synchronisiert oder per Software synchronisiert werden.<br \/>\nAnalysierbare Legierungsfamilie<br \/>\n\uf06cIron basierte Legierungsreihen (rostfreier Stahl, Chrom\/Molybd\u00e4n legierter Stahl, niedrig legierter Stahl, Werkzeugstahl, nahtloser Stahl)<br \/>\n\uf06cNickel basierte Legierungsreihen (Nickellegierungen, Nickel\/Kobalt-Superlegierungen)<br \/>\n\uf06cCobalt basierte Legierungsserie<br \/>\n\uf06cTitanium basierte Legierungsserie<br \/>\n\uf06cCopper basierte Legierungsreihen (Bronze, Messing, Kupfer-Nickel-Legierung usw.)<br \/>\n\uf06cHigh temperaturbest\u00e4ndige Legierung (Molybd\u00e4n-Wolfram-Legierung)<br \/>\n\uf06cOther Legierungen<br \/>\nDer tragbare Legierungsanalysator (XRF) ist ein wichtiges Instrument zur Identifizierung der Materialzuverl\u00e4ssigkeit (PMI) in Hochtemperatur- und Hochdruckindustrien wie Kesseln, Beh\u00e4ltern, Pipelines und in der Fertigung w\u00e4hrend des Produktionsprozesses. Identifizieren Sie metallische Werkstoffe in den Produktionsprozessen wichtiger milit\u00e4rischer und ziviler technischer Industrien wie Stahlschmelzen, Nichteisenmetalle, Luft- und Raumfahrt, Waffenherstellung, U-Boote und Schiffe. Identifizieren Sie metallische Werkstoffe w\u00e4hrend der Installation und des Bauprozesses in der petrochemischen Raffinerie, der Feinchemie, der Pharmazie, in Kraftwerken, in der Luft- und Raumfahrt und anderen technischen Projekten, um die Akzeptanz von Ausr\u00fcstung und Material zu gew\u00e4hrleisten und die spezifischen Anforderungen des Projekts zu erf\u00fcllen. Es ist ein leistungsf\u00e4higes Werkzeug f\u00fcr die Metallidentifizierung in der Industrie des Altmetallrecyclings und der Wiederverwendung.<br \/>\nDer Handheld-Legierungsanalysator wird in vielen Anwendungsszenarien vor Ort eingesetzt, z. B. bei der Qualit\u00e4tskontrolle, der Materialklassifizierung, der Identifizierung von Legierungen, der Sicherheitspr\u00e4vention und der Unfalluntersuchung. Er ist ein leistungsf\u00e4higes Werkzeug zur Identifizierung von Metallwerkstoffen im Produktionsprozess und beinhaltet modernste wissenschaftliche Forschungsinnovationen. Es kann Legierungsgrade identifizieren, die Metallzusammensetzung schnell analysieren und die grundlegendsten Probleme bei der Analyse von Rohstoffen in der Industrie l\u00f6sen. Gleichzeitig k\u00f6nnen die Benutzer personalisierte Analysesysteme nach ihren eigenen Bed\u00fcrfnissen erstellen.<\/p>\n<p>Technische Parameter und Spezifikationen<\/p>\n<p>AES8000 Handger\u00e4t zur Analyse der Legierungszusammensetzung mittels R\u00f6ntgenfluoreszenz<br \/>\nDetektor Leistungsstarke SIN-PIN-Detektionskomponente<br \/>\nAnregungsquelle 45KV\/200uA Silver Target End Window Integrierte Mikror\u00f6ntgenr\u00f6hre und Hochspannungsquelle<br \/>\nElementnachweisbereich 1\u30011. Elemente mit Ordnungszahlen zwischen 20-92, von (Ti) bis Uran (U)<br \/>\nAnalysieren Sie die wichtigsten Elemente in der Legierung\uff1a<br \/>\nTi\uff0cV\uff0cCr\uff0cMn\uff0cFe\uff0cCo\uff0cNi\uff0cCu\uff0cZn\uff0cZr\uff0cNb\uff0cMo\uff0cAg\uff0cCd\uff0cSn\uff0cSb\uff0cTa\uff0cW\uff0cPb\uff0cBi 25 insgesamt (kann weiter erg\u00e4nzt werden)<br \/>\nErkennungsobjekt fest<br \/>\nAnalysemethode Direkt ablesbare Analysemethode+Basisparameter-Methode (FP)<br \/>\nSoftware-Fernsteuerungssystem, sowohl Windows-basierte PCs als auch Android-basierte Mobilger\u00e4te k\u00f6nnen Instrumente \u00fcber die Software bedienen, um eine Datensynchronisation \u00fcber mehrere Plattformen (Instrument, PC, Mobilger\u00e4t, Cloud) zu erreichen. Die Software bietet Funktionen wie Datenanalyse, Spektrumsanzeige und Berichtsdruck. Der Ger\u00e4te-Client hat die M\u00f6glichkeit, Analyseberichte per E-Mail zu versenden,<br \/>\nGewicht \u2264 1,75 kg (einschlie\u00dflich Batterie)<br \/>\nMikrocomputer-Anzeigesystem 1. Halb transparenter und halb reflektierender Touchscreen in Industriequalit\u00e4t, \u2265 5 Zoll, Standardkonfiguration: 4G, integrierter erweiterbarer Speicher unterst\u00fctzt 16GB, kann umfangreiche Daten speichern.<br \/>\n2. Aufl\u00f6sung 1080 * 720<br \/>\nStromversorgung 1. Wiederaufladbare Lithium-Batterie, Standard 6800mAh, Spannung: 7.2V, Nachhaltiges Arbeiten f\u00fcr bis zu 12 Stunden,<br \/>\n2. Das Ger\u00e4t verf\u00fcgt \u00fcber Hot-Swap-Funktion, verz\u00f6gerte Abschaltung und Batteriewechsel ohne Abschaltung. Die Batterie hat eine eigene Stromanzeige.<br \/>\nLademodus 1. An der Seite des Geh\u00e4uses befindet sich eine Ladeschnittstelle,<br \/>\n2. Das Aufladen der Batterie kann durch Aufladen im Auto erfolgen (nicht Standard).<br \/>\n3. universeller Adapter zum Aufladen und zur Stromversorgung,<br \/>\nKollimator, Filter 1. Spezielle Strahlung resistent Material Kollimator, Innendurchmesser 3MM<br \/>\n2. Kein Filter, spart Umschaltzeit, Software zieht Hintergrundst\u00f6rungen ab<br \/>\nFenster f\u00fcr die Pr\u00fcfung des vorderen Endes \u2264 9mm * 5mm \u201cTaillenfenster\u201d<br \/>\nKamera Ausgestattet mit einer integrierten 5-Megapixel-High-Definition-Kamera-Funktion, kann es Fotos des gepr\u00fcften Objekts f\u00fcr eine einfache Verwaltung nehmen<br \/>\nVersandart des Pr\u00fcfberichts E-Mail-Versand, synchrone Bluetooth-\u00dcbertragung, synchrone Software-\u00dcbertragung<br \/>\nDaten\u00fcbertragungsmethode 3G\/4G, kabelgebundene Verbindung, WiFi, Bluetooth<br \/>\nWartungsmethode Remote-Software-Upgrade und -Diagnose, Vor-Ort-Wartung, Diagnose<br \/>\nBenutzerverwaltung Mehrstufige Benutzerverwaltungsfunktion (kann mehrere Konten anlegen, entsprechende Personennummern erhalten, Verwaltung und Datenr\u00fcckverfolgbarkeit erleichtern)<br \/>\nSchutzh\u00fclle<br \/>\nDas Ger\u00e4t ist mit einer Schutzabdeckung ausgestattet, die die Funktionen der Ger\u00e4tekalibrierung, des Strahlenschutzes und des Schutzes vor Besch\u00e4digungen erf\u00fcllt (nicht Standard)<br \/>\nMaterialabtastung und Statusanzeige des Ger\u00e4ts 1. Das Geh\u00e4use verf\u00fcgt \u00fcber eine Materialerkennungsfunktion, die auf intelligente Weise erkennen kann, ob sich ein Pr\u00fcfobjekt vor ihr befindet.<br \/>\n2. intelligente Statusanzeige, die drei Betriebszust\u00e4nde durch die intelligente Statusanzeige Licht (rot blinkend zeigt Erkennung im Gange, gr\u00fcn blinkend zeigt kein Objekt vor getestet werden, gr\u00fcn lange auf zeigt Objekt vor getestet werden)<br \/>\nTemperatur und Feuchtigkeit der Betriebsumgebung Luftfeuchtigkeit \u2264 90%<br \/>\n-20\u2103 - +60\u2103<br \/>\nSicherheit 1. Ger\u00e4teseitiger Messwert \u2264 0,2 \u03bc Sv\/h (nach Abzug des Hintergrunds)<br \/>\nAnmerkung: Der Lieferant muss eine Kopie des \u201cHandheld X-ray Analyzer (Leakage) Report\u201d, ausgestellt von einem national autorisierten gesetzlichen Metrologieinstitut oder einer nationalen Pr\u00fcfstelle, als Nachweis im Antwortdokument einreichen.<br \/>\n2. Mehrfache Sicherheitsvorkehrungen, keine Strahlungspr\u00fcfung,<br \/>\nDie Strahlenbelastung w\u00e4hrend der Arbeit liegt weit unter den internationalen Sicherheitsstandards, und das Ger\u00e4t verf\u00fcgt \u00fcber die Funktion der Messung ohne Luftprobe und der automatischen Abschaltung der R\u00f6ntgenr\u00f6hre.\t<\/p>","protected":false},"featured_media":22997,"comment_status":"closed","ping_status":"closed","template":"","meta":{"iawp_total_views":20},"etheme_brands":[{"term_id":181,"name":"XRF","slug":"xrf","term_group":0,"term_taxonomy_id":181,"taxonomy":"brand","description":"","parent":0,"count":3,"filter":"raw"}],"product_brand":[],"product_cat":[137],"product_tag":[],"class_list":{"0":"post-22996","1":"product","2":"type-product","3":"status-publish","4":"has-post-thumbnail","6":"brand-xrf","7":"product_cat-x-ray-inspection","9":"first","10":"instock","11":"shipping-taxable","12":"product-type-simple"},"_links":{"self":[{"href":"https:\/\/v2smt.com\/de\/wp-json\/wp\/v2\/product\/22996","targetHints":{"allow":["GET"]}}],"collection":[{"href":"https:\/\/v2smt.com\/de\/wp-json\/wp\/v2\/product"}],"about":[{"href":"https:\/\/v2smt.com\/de\/wp-json\/wp\/v2\/types\/product"}],"replies":[{"embeddable":true,"href":"https:\/\/v2smt.com\/de\/wp-json\/wp\/v2\/comments?post=22996"}],"version-history":[{"count":0,"href":"https:\/\/v2smt.com\/de\/wp-json\/wp\/v2\/product\/22996\/revisions"}],"wp:featuredmedia":[{"embeddable":true,"href":"https:\/\/v2smt.com\/de\/wp-json\/wp\/v2\/media\/22997"}],"wp:attachment":[{"href":"https:\/\/v2smt.com\/de\/wp-json\/wp\/v2\/media?parent=22996"}],"wp:term":[{"taxonomy":"brand","embeddable":true,"href":"https:\/\/v2smt.com\/de\/wp-json\/wp\/v2\/etheme_brands?post=22996"},{"taxonomy":"product_brand","embeddable":true,"href":"https:\/\/v2smt.com\/de\/wp-json\/wp\/v2\/product_brand?post=22996"},{"taxonomy":"product_cat","embeddable":true,"href":"https:\/\/v2smt.com\/de\/wp-json\/wp\/v2\/product_cat?post=22996"},{"taxonomy":"product_tag","embeddable":true,"href":"https:\/\/v2smt.com\/de\/wp-json\/wp\/v2\/product_tag?post=22996"}],"curies":[{"name":"wp","href":"https:\/\/api.w.org\/{rel}","templated":true}]}}