{"id":22986,"date":"2025-05-08T07:54:04","date_gmt":"2025-05-08T07:54:04","guid":{"rendered":"https:\/\/v2smt.com\/?post_type=product&#038;p=22986"},"modified":"2025-05-08T07:54:04","modified_gmt":"2025-05-08T07:54:04","slug":"xrf-x-ray-fluorescence-8000","status":"publish","type":"product","link":"https:\/\/v2smt.com\/de\/products\/xrf-x-ray-fluorescence-8000\/","title":{"rendered":"XRF R\u00f6ntgenfluoreszenz 8000"},"content":{"rendered":"<p>XRF R\u00f6ntgenfluoreszenz 8000 Anwendungen<br \/>\nEs wird haupts\u00e4chlich f\u00fcr den Nachweis von Elementen wie Blei (Pb), Quecksilber (Hg), Cadmium (Cd), Gesamtchrom (Cr) und Gesamtbrom (Br) in elektronischen und elektrischen Produkten verwendet, die durch Vorschriften kontrolliert werden. Es wird f\u00fcr den Nachweis von Chlor (Cl) und Brom (Br) in halogenkontrollierten Produkten verwendet.<\/p>\n<p>Entspricht den weltweiten Vorschriften f\u00fcr gef\u00e4hrliche Stoffe und Pr\u00fcfmethoden<br \/>\nDas R\u00f6ntgenfluoreszenzanalyseger\u00e4t XRF 8000 wurde als Screening-Tool f\u00fcr die Pr\u00fcfung von Konsumg\u00fctern zugelassen, um festzustellen, ob das Produkt die folgenden globalen Gefahrstoffvorschriften und Pr\u00fcfmethoden erf\u00fcllt:<br \/>\n- EU-RoHS-Richtlinie (2011\/65\/EU)<br \/>\n- China RoHS-Richtlinie (ACPEIP)<br \/>\n- Japan RoHS<br \/>\n- Koreanische RoHS-Richtlinie<br \/>\n- US-Gesetz zur Verbesserung der Sicherheit von Verbraucherprodukten (CPSIA) (HR4040)<br \/>\n- US-Richtlinie zur Beschr\u00e4nkung der Halogenfreiheit<br \/>\n- Kalifornien Proposition 65<br \/>\n- US CPSC-CH-E1002-08 SOP Standardarbeitsanweisung<\/p>\n<p>XRF R\u00f6ntgenfluoreszenz 8000 Einf\u00fchrung <\/p>\n<p>XRF X-ray Fluorescence 8000 ist ein High-End-Modell mit doppeltem Strahlenschutzsystem, humanisierter Bedienoberfl\u00e4che, umfassender Anwendung der empirischen Koeffizientenmethode und der Basisparametermethode V1.0 Analysesoftware. Die Elementaranalyse reicht von S-U. Das hei\u00dft, es kann Blei (Pb), Quecksilber (Hg), Cadmium (Cd), Gesamtbrom (Br) und Gesamtchrom (Cr) in den Vorschriften erkennen, und kann auch Chlor (Cl) und Brom (Br) in der halogenfreien Richtlinie Element erkennen. Die gut durchdachte Funktion der offenen Arbeitskurve eignet sich besonders f\u00fcr die werkseigene Prozesskontrolle von verschiedenen Materialien. Im Vergleich zu den herk\u00f6mmlichen Instrumenten in der Industrie hat dieses Modell die Vorteile einer schnellen Analyse und Identifizierung von Materialanomalien in der heutigen Industrie. Es basiert auf einer effizienten und genauen Systeml\u00f6sung, die die HSF-Kontrollanforderungen des Kunden vollst\u00e4ndig erf\u00fcllt. Das Prinzip dieser L\u00f6sung ist klar, die Methode ist praktikabel und die Wirkung ist bemerkenswert.<\/p>\n<p>Abnormales Material: Die originale Vollspektrum-Vergleichsfunktion, die Echtzeitverfolgung von abnormalem Material des Lieferanten und die rechtzeitige Warnung haben unvergleichliche Vorteile bei der RoHs\/Halogenfreiheit und der Lieferantenkontrolle.<\/p>\n<p>XRF R\u00f6ntgenfluoreszenz 8000 Arbeitsbedingungen\uff1a<\/p>\n<p>Betriebstemperatur\uff1a15-30\u2103<br \/>\nRelative Luftfeuchtigkeit\uff1a40%\uff5e50%<br \/>\nStromversorgung\uff1aAC :220V \u00b15V<br \/>\nNettogewicht\uff1a42Kg<br \/>\nGer\u00e4tegr\u00f6\u00dfe: 525 mm (B), 390 mm (T) und 360 mm (H)<br \/>\nGr\u00f6\u00dfe der Probenkammer\uff1a439*300*50mm<\/p>\n<p>XRF R\u00f6ntgenfluoreszenz 8000 Technische Leistung und Indikatoren:<br \/>\n\uf06cThe reicht die Palette der Elementaranalysen von Magnesium (Mg) bis Uran (U).<br \/>\n\uf06cThe reicht die Analyse des Elementgehalts von 1 PPm bis 99,99%.<br \/>\n\uf06cMeasurement Zeit: 100-300 Sekunden.<br \/>\n\uf06cThe Die in der RoHS-Richtlinie festgelegte Nachweisgrenze f\u00fcr sch\u00e4dliche Elemente (beschr\u00e4nkt auf Cd\/Pb\/Cr\/Hg\/Br) kann bis zu 1 PPM erreichen.<br \/>\n\uf06cAt kann es gleichzeitig Dutzende oder mehr Elemente und f\u00fcnf Schichten von Beschichtungen analysieren<br \/>\n\uf06cThe Nachweisgrenze f\u00fcr die Analyse kann 2ppm erreichen, und die Plattierungsanalyse kann Proben mit einer Dicke von 0,005um analysieren<br \/>\n\uf06cPower Versorgung: AC 220V \u00b1 5V. (Es wird empfohlen, eine stabilisierte AC-Reinigungsstromversorgung zu konfigurieren).<br \/>\n\uf06cThe Die Schichtdicke betr\u00e4gt in der Regel 30 \u03bc innerhalb m (je nach Material unterschiedlich).<br \/>\n\uf06cMultiple w\u00e4hlbare Analyse- und Identifikationsmodelle.<br \/>\n\uf06cIndependent Matrix-Effekt-Korrekturmodell.<br \/>\n\uf06cMultivariable nichtlineares Wiederherstellungsprogramm<br \/>\n\uf06cThe Wiederholbarkeit von mehreren Messungen der Schichtdicke kann 0,1% erreichen<br \/>\n\uf06cThe Langzeitstabilit\u00e4t der Schichtdickenmessung kann 0,1% erreichen<br \/>\n\uf06cThe Die Energieaufl\u00f6sung betr\u00e4gt 144 \u00b1 5 Elektronenvolt.<br \/>\n\uf06cThe Temperaturanpassungsbereich ist 15 \u2103 bis 30 \u2103.<\/p>\n<p>XRF R\u00f6ntgenfluoreszenz 8000 Produktmerkmale<br \/>\n\uf06cA Produkt, das speziell f\u00fcr Umweltrichtlinien wie ROHS und EN71 entwickelt wurde.<br \/>\n\uf06cBreaking weg vom traditionellen, geraden Design der Instrumente und hin zu einem stromlinienf\u00f6rmigen, integrierten Design ist das Instrument modisch und elegant.<br \/>\n\uf06cUsing Der amerikanische Amptek-Detektor SDD, der elektrisch gek\u00fchlt wird statt mit fl\u00fcssigem Stickstoff, hat ein geringes Volumen, eine genaue Datenanalyse und niedrige Wartungskosten.<br \/>\n\uf06cAdopting ein selbstentwickeltes SES-Signalverarbeitungssystem, das die Empfindlichkeit der Messung effektiv verbessert und die Messung genauer macht.<br \/>\n\uf06cOne Klicken Sie auf die automatische Pr\u00fcfung, die einfacher, bequemer und benutzerfreundlicher ist.<br \/>\n\uf06cSeven Arten von optischen Pfadkorrektur- und Kollimationssystemen, die automatisch je nach Probe umgeschaltet werden.<br \/>\n\uf06cMultiple Strahlenschutzdesign, mit einem Strahlenschutzniveau, das unter \u00e4hnlichen Produkten das h\u00f6chste ist.<br \/>\n\uf06cAdvanced integrierte W\u00e4rmeableitung verbessert die gesamte W\u00e4rmeableitungsleistung der Maschine erheblich und gew\u00e4hrleistet den sicheren Betrieb der Kernkomponenten.<br \/>\n\uf06cThe Die einzigartige Technologie zur Steuerung der Bewegungstemperatur von 1.7.9 gew\u00e4hrleistet den sicheren und zuverl\u00e4ssigen Betrieb der R\u00f6ntgenquelle, verl\u00e4ngert effektiv ihre Lebensdauer und reduziert die Nutzungskosten.<br \/>\n\uf06cMultiple Schutzsystem f\u00fcr das Instrumentenzubeh\u00f6r, das \u00fcber die Software vollst\u00e4ndig \u00fcberwacht werden kann, wodurch das Instrument stabiler und sicherer arbeitet.<br \/>\n\uf06cROHS Spezielle Pr\u00fcfsoftware mit Standard-Fensterdesign, benutzerfreundlicher Oberfl\u00e4che und einfacher Bedienung.<br \/>\n\uf06cThis ist mit einer USB2.0-Schnittstelle ausgestattet, die eine genaue, schnelle und effektive Daten\u00fcbertragung gew\u00e4hrleistet\u3002<\/p>\n<p>Vorteile<br \/>\n1. Genauigkeit: offene Arbeitskurve, mit einem bestimmten Arbeitsbereich zu testen Schl\u00fcssel Kontrolle Materialien.<br \/>\n2. Schnelligkeit: Eigene Entwicklung schnelle Spektrum Vergleich Analyse-Methode, rechtzeitige Warnung Funktion der Lieferanten Material\u00e4nderungen.<br \/>\n3. Sicherheit: Doppelter R\u00f6ntgenschutz (Software, Hardware, Labyrinthdesign), um die pers\u00f6nliche Sicherheit der Bediener und Strahlensch\u00e4den durch versehentliche Bedienung zu gew\u00e4hrleisten.<br \/>\n4. Die Gestaltung des gro\u00dfen Probenraums bietet mehr Platz als das traditionelle Modell.<br \/>\n5. Annahme eines neuen optischen Pfad Design, das die Nachweisgrenze von Chlor (Cl) Element reduziert.<br \/>\n6. Bieten Sie eine offene Arbeitskurve Kalibrierungsplattform, die das Erkennungsschema f\u00fcr die Kontrolle sch\u00e4dlicher Substanzen f\u00fcr Benutzer anpassen kann.<br \/>\n7. Die weltweit f\u00fchrende XRF-Analysesoftware integriert Analysemethoden wie die empirische Koeffizientenmethode und die Fundamentalparametermethode (FP-Methode).<br \/>\n8. Vollst\u00e4ndige Gew\u00e4hrleistung der Genauigkeit der Pr\u00fcfdaten.<br \/>\n9. Das Ausgabeformat des Pr\u00fcfberichts (Excel, PDF, etc.) kann entsprechend den Anforderungen des Benutzers angepasst werden, was den verschiedenen statistischen und Formatanforderungen der Fabrik entspricht.<br \/>\n10. Eine mehrsprachige Software-Schnittstelle ist verf\u00fcgbar.<\/p>","protected":false},"excerpt":{"rendered":"<p>XRF X-ray Fluorescence 8000 Applications It is mainly used for the detection of elements such as lead (Pb), mercury (Hg),&#8230;<\/p>","protected":false},"featured_media":22989,"comment_status":"closed","ping_status":"closed","template":"","meta":{"iawp_total_views":14},"etheme_brands":[{"term_id":181,"name":"XRF","slug":"xrf","term_group":0,"term_taxonomy_id":181,"taxonomy":"brand","description":"","parent":0,"count":3,"filter":"raw"}],"product_brand":[],"product_cat":[137],"product_tag":[],"class_list":{"0":"post-22986","1":"product","2":"type-product","3":"status-publish","4":"has-post-thumbnail","6":"brand-xrf","7":"product_cat-x-ray-inspection","9":"first","10":"instock","11":"shipping-taxable","12":"product-type-simple"},"_links":{"self":[{"href":"https:\/\/v2smt.com\/de\/wp-json\/wp\/v2\/product\/22986","targetHints":{"allow":["GET"]}}],"collection":[{"href":"https:\/\/v2smt.com\/de\/wp-json\/wp\/v2\/product"}],"about":[{"href":"https:\/\/v2smt.com\/de\/wp-json\/wp\/v2\/types\/product"}],"replies":[{"embeddable":true,"href":"https:\/\/v2smt.com\/de\/wp-json\/wp\/v2\/comments?post=22986"}],"version-history":[{"count":0,"href":"https:\/\/v2smt.com\/de\/wp-json\/wp\/v2\/product\/22986\/revisions"}],"wp:featuredmedia":[{"embeddable":true,"href":"https:\/\/v2smt.com\/de\/wp-json\/wp\/v2\/media\/22989"}],"wp:attachment":[{"href":"https:\/\/v2smt.com\/de\/wp-json\/wp\/v2\/media?parent=22986"}],"wp:term":[{"taxonomy":"brand","embeddable":true,"href":"https:\/\/v2smt.com\/de\/wp-json\/wp\/v2\/etheme_brands?post=22986"},{"taxonomy":"product_brand","embeddable":true,"href":"https:\/\/v2smt.com\/de\/wp-json\/wp\/v2\/product_brand?post=22986"},{"taxonomy":"product_cat","embeddable":true,"href":"https:\/\/v2smt.com\/de\/wp-json\/wp\/v2\/product_cat?post=22986"},{"taxonomy":"product_tag","embeddable":true,"href":"https:\/\/v2smt.com\/de\/wp-json\/wp\/v2\/product_tag?post=22986"}],"curies":[{"name":"wp","href":"https:\/\/api.w.org\/{rel}","templated":true}]}}