{"id":22810,"date":"2024-11-22T08:21:24","date_gmt":"2024-11-22T08:21:24","guid":{"rendered":"https:\/\/v2smt.com\/?post_type=product&#038;p=22810"},"modified":"2025-12-29T03:15:07","modified_gmt":"2025-12-29T03:15:07","slug":"automatic-stencil-inspection-machine-vg830","status":"publish","type":"product","link":"https:\/\/v2smt.com\/de\/products\/automatic-stencil-inspection-machine-vg830\/","title":{"rendered":"Automatische Schabloneninspektionsmaschine VG830"},"content":{"rendered":"<p>Die automatische Schabloneninspektionsmaschine VG830 von V2 ist f\u00fcr die hochpr\u00e4zise Inspektion von gedruckten<br \/>\nSchablonen.<br \/>\n\uf06cThe Die automatische Schabloneninspektionsmaschine VG830 ist ein fortschrittliches optisches Inspektionsger\u00e4t, das zur Verbesserung der Pr\u00e4zision von SMT-Prozessen (Surface Mount Technology) entwickelt wurde. Es beginnt mit dem Einsatz automatischer Bildverarbeitungstechnologie, um umfassende Daten \u00fcber die Gr\u00f6\u00dfe und Positionierung von Schablonen\u00f6ffnungen zu sammeln. Diese Informationen werden dann sorgf\u00e4ltig mit vordefinierten Parametern innerhalb des Systems verglichen, wodurch strenge Qualit\u00e4tskontrollma\u00dfnahmen f\u00fcr die Schablonen erm\u00f6glicht werden.<br \/>\n\uf06cKey Vorteile gegen\u00fcber der manuellen Inspektion:<\/p>\n<p>\uf06cPrecision &amp; Konsistenz: Im Gegensatz zu herk\u00f6mmlichen manuellen Methoden, die mit Konsistenz und Genauigkeit zu k\u00e4mpfen haben, liefern unsere Inspektionsmaschinen pr\u00e4zise Messungen und objektive Vergleiche und eliminieren menschliche Fehler.<\/p>\n<p>\uf06cData Integration: Bei manuellen Inspektionen fehlt die M\u00f6glichkeit, Daten effizient aufzuzeichnen und zu analysieren. Unser System integriert die Inspektionsergebnisse nahtlos in Datenbanken und erm\u00f6glicht so eine eingehende Analyse der Auswirkungen von Bohrtechniken auf die Qualit\u00e4t.<\/p>\n<p>\uf06cEase Benutzerfreundlichkeit: Die Bedienung unserer Inspektionsmaschinen ist benutzerfreundlich und vollst\u00e4ndig automatisiert, was schnelle Inspektionszyklen gew\u00e4hrleistet und subjektive Beurteilungen aus dem Prozess entfernt. Dies f\u00fchrt zu unvoreingenommenen, zuverl\u00e4ssigen Daten, die f\u00fcr die Qualit\u00e4tssicherung entscheidend sind.<\/p>\n<p>\uf06cSpecialized Funktionalit\u00e4t: Unsere Ger\u00e4te sind auf die \u00dcberpr\u00fcfung der Abmessungen und der Platzierungsgenauigkeit neuer Schablonen\u00f6ffnungen sowie auf die \u00dcberwachung des Zustands und der Abnutzung bestehender Schablonen spezialisiert. Die fr\u00fchzeitige Erkennung von Verschlechterungen oder minderwertigen Schablonen verhindert, dass PCB-Chargen aufgrund schlechter Schablonenqualit\u00e4t beeintr\u00e4chtigt werden.<\/p>\n<p>\uf06cAdaptive Anpassen und Pr\u00fcfen: Die Pr\u00fcfmaschinen stellen sich automatisch auf verschiedene Schablonengr\u00f6\u00dfen ein, f\u00fchren Spannungstests durch und dokumentieren die Ergebnisse, so dass die Genauigkeit jeder Schablone im Laufe der Zeit kontinuierlich verfolgt werden kann.<\/p>\n<p>\uf06cComprehensive Abdeckung: Egal, ob es sich um Standard- oder Leiterplattenschablonen handelt, unsere Inspektionsmaschinen stellen sicher, dass die h\u00f6chsten Fertigungsstandards eingehalten werden, indem sie sowohl die Integrit\u00e4t neuer Schablonen als auch die Pr\u00e4zision der Produktionsmethoden \u00fcberpr\u00fcfen.<\/p>\n<p>\uf06cEnhanced Verifizierung: Durch den Abgleich der erfassten Daten mit PCB GERBER- und Schablonen GERBER\/CAD-Dateien f\u00fchren unsere Inspektionsmaschinen mehrstufige Vergleiche durch. Diese Offline-Pr\u00fcfung best\u00e4tigt die Authentizit\u00e4t der Dateien vor dem Einsatz in der Produktion und stellt eine zus\u00e4tzliche Ebene der Qualit\u00e4tskontrolle dar.<\/p>\n<p>\uf06cProactive Qualit\u00e4tsmanagement: Die Integration unserer Schabloneninspektionsmaschinen in automatisierte Managementsysteme erm\u00f6glicht die fr\u00fchzeitige Erkennung und Behebung von nicht konformen Schablonen und sichert so die gesamte Produktionseffizienz und Produktqualit\u00e4t.<\/p>\n<p>Die automatische Schabloneninspektionsmaschine VG830 spielt eine entscheidende Rolle bei der Verfeinerung der Schablonenbohrmethoden und bei der Bew\u00e4ltigung komplizierter Druckherausforderungen, was direkt zu einer h\u00f6heren Ausbeute beim ersten Durchlauf der Lotpasteninspektion (SPI) beitr\u00e4gt. Durch die sorgf\u00e4ltige Aufzeichnung von Inspektionsdaten.<\/p>\n<p>Die Systeme von \uf06cThe erstellen umfassende Berichte, die jeden Aspekt des Inspektionsprozesses abdecken. Diese detaillierten Einblicke erleichtern gr\u00fcndliche technische Analysen und liefern unsch\u00e4tzbare Unterst\u00fctzung f\u00fcr kontinuierliche Verbesserungsinitiativen, um optimale Leistung und Qualit\u00e4t in der gesamten Produktionslinie zu gew\u00e4hrleisten.<\/p>","protected":false},"excerpt":{"rendered":"<p>Die automatische Schabloneninspektionsmaschine VG830 ist f\u00fcr die hochpr\u00e4zise Inspektion von gedruckten Schablonen konzipiert. Dieser Inspektor ist f\u00fcr die Inspektion von neuen Schablonen und Reinigung Qualit\u00e4t der alten konzipiert<br \/>\nSchablone, bei gleichzeitiger Optimierung der Bewertung und Erforschung von Schablonenbohrtechniken durch<br \/>\nProtokollierung und automatisches Hochladen in eine Datenbank des Zyklus \u201cAnkunft - Kontrolle und Empfang - Lagerung - Verwendung - Reinigung - Reinigungsinspektion - Wiederverwendung und Lagerung - Verschrottung\u201d aller Schablonen, was zu einem vollautomatischen Datenmanagement beitr\u00e4gt.<br \/>\nAutomatische Schabloneninspektionsmaschine<br \/>\nEine automatische Schabloneninspektionsmaschine ist ein hochpr\u00e4zises optisches Messsystem, das f\u00fcr die Qualit\u00e4tskontrolle in der Oberfl\u00e4chenmontagetechnik (SMT) entwickelt wurde. Es f\u00fchrt eine automatische, ber\u00fchrungslose Inspektion von Lotpastenschablonen (auch Schablonen oder Templates genannt) durch, um pr\u00e4zise \u00d6ffnungsma\u00dfe, fehlerfreie Muster und die Einhaltung industrieller Standards zu gew\u00e4hrleisten.<\/p>\n<p>Zentrale Funktionen<br \/>\nDefekt-Erkennung<br \/>\nIdentifiziert verstopfte\/verstellte \u00d6ffnungen, Grate und Sch\u00e4den<br \/>\nErkennt \u00fcber- oder unterdimensionierte \u00d6ffnungen und Neigungsfehler<br \/>\n3D-Messung<br \/>\nMisst die Abmessungen der Blende (L\u00e4nge\/Breite\/Durchmesser)<br \/>\nQuantifizierung von Konuswinkeln und Wandglattheit<br \/>\nProzesskontrolle<br \/>\n\u00dcberwacht den Schablonenverschlei\u00df \u00fcber Produktionszyklen<br \/>\nErzeugt SPC-Berichte (Statistische Prozesskontrolle)<br \/>\nArbeitsprinzip<br \/>\nHochaufl\u00f6sende Bildgebung<br \/>\nVerwendet telezentrische Optik oder Laserscanner<br \/>\nErzielt eine Genauigkeit im Mikrometerbereich (typischerweise \u00b11-5\u03bcm)<br \/>\nKI-gest\u00fctzte Analyse<br \/>\nVergleicht Schablonenmuster mit CAD\/Gerber-Dateien<br \/>\nAlgorithmen f\u00fcr maschinelles Lernen erkennen Anomalien<br \/>\nAutomatisierter Betrieb<br \/>\nMotorisierte XY-Tische f\u00fcr vollfl\u00e4chiges Scannen<br \/>\nAutomatische Fokuseinstellung und Beleuchtungsoptimierung<br \/>\nTechnische Vorteile<br \/>\nGeschwindigkeit: Pr\u00fcfung von 600x600mm Schablonen in &lt;5 Minuten<br \/>\nGenauigkeit: L\u00f6st Merkmale bis zu 25\u03bcm auf<br \/>\nVielseitigkeit: Kompatibel mit Edelstahl-, Nickel- und Hybridschablonen<br \/>\nDatenintegration: Unterst\u00fctzt Industrie 4.0 mit MES\/ERP-Konnektivit\u00e4t<br \/>\nAnwendungen<br \/>\nLeiterplattenbest\u00fcckung f\u00fcr Unterhaltungselektronik<br \/>\nHerstellung von Automobilelektronik<br \/>\nHerstellung von Komponenten f\u00fcr medizinische Ger\u00e4te<br \/>\nHerstellung von Leiterplatten f\u00fcr die Luft- und Raumfahrt<br \/>\nAuswirkungen auf die Industrie: Reduziert L\u00f6tpastendefekte um bis zu 90%, minimiert die Nacharbeitskosten und gew\u00e4hrleistet die Einhaltung der IPC-7525 Schablonendesignstandards.<\/p>","protected":false},"featured_media":22811,"comment_status":"open","ping_status":"closed","template":"","meta":{"iawp_total_views":33},"etheme_brands":[],"product_brand":[],"product_cat":[176],"product_tag":[175],"class_list":{"0":"post-22810","1":"product","2":"type-product","3":"status-publish","4":"has-post-thumbnail","6":"product_cat-stencil-inspection-machine","7":"product_tag-automatic-stencil-inspection-machine","9":"first","10":"instock","11":"shipping-taxable","12":"product-type-simple"},"_links":{"self":[{"href":"https:\/\/v2smt.com\/de\/wp-json\/wp\/v2\/product\/22810","targetHints":{"allow":["GET"]}}],"collection":[{"href":"https:\/\/v2smt.com\/de\/wp-json\/wp\/v2\/product"}],"about":[{"href":"https:\/\/v2smt.com\/de\/wp-json\/wp\/v2\/types\/product"}],"replies":[{"embeddable":true,"href":"https:\/\/v2smt.com\/de\/wp-json\/wp\/v2\/comments?post=22810"}],"version-history":[{"count":0,"href":"https:\/\/v2smt.com\/de\/wp-json\/wp\/v2\/product\/22810\/revisions"}],"wp:featuredmedia":[{"embeddable":true,"href":"https:\/\/v2smt.com\/de\/wp-json\/wp\/v2\/media\/22811"}],"wp:attachment":[{"href":"https:\/\/v2smt.com\/de\/wp-json\/wp\/v2\/media?parent=22810"}],"wp:term":[{"taxonomy":"brand","embeddable":true,"href":"https:\/\/v2smt.com\/de\/wp-json\/wp\/v2\/etheme_brands?post=22810"},{"taxonomy":"product_brand","embeddable":true,"href":"https:\/\/v2smt.com\/de\/wp-json\/wp\/v2\/product_brand?post=22810"},{"taxonomy":"product_cat","embeddable":true,"href":"https:\/\/v2smt.com\/de\/wp-json\/wp\/v2\/product_cat?post=22810"},{"taxonomy":"product_tag","embeddable":true,"href":"https:\/\/v2smt.com\/de\/wp-json\/wp\/v2\/product_tag?post=22810"}],"curies":[{"name":"wp","href":"https:\/\/api.w.org\/{rel}","templated":true}]}}