{"id":21917,"date":"2024-07-23T15:55:58","date_gmt":"2024-07-23T15:55:58","guid":{"rendered":"https:\/\/v2smt.com\/?post_type=product&#038;p=21917"},"modified":"2024-08-22T17:03:58","modified_gmt":"2024-08-22T17:03:58","slug":"tabletop-dispensing-machine-300ed","status":"publish","type":"product","link":"https:\/\/v2smt.com\/de\/products\/tabletop-dispensing-machine-300ed\/","title":{"rendered":"Tisch-Dosiermaschine 300ED"},"content":{"rendered":"<p>Geeignet f\u00fcr Fl\u00fcssigklebstoffe: Geeignet f\u00fcr UV, AB-Kleber, COB, Wei\u00dfleim und mehr.<\/p>\n<p>Gro\u00dfer Arbeitsbereich: 300(X)\u2573300(Y)\u2573100(Z)mm f\u00fcr eine umfassende Abdeckung.<\/p>\n<p>Hohe Bewegungsgeschwindigkeit: 400mm\/sec(XY)\/200mm\/sec(Z) f\u00fcr schnelle Operationen.<\/p>\n<p>Schrittmotorantrieb: Sorgt f\u00fcr pr\u00e4zise Steuerung und Genauigkeit.<\/p>\n<p>XYZ-Reproduzierbarkeit: \u00b10,025 mm f\u00fcr gleichbleibende Ergebnisse.<\/p>\n<p>Programmkapazit\u00e4t: Speichert 999 Parameterdateien mit jeweils bis zu 65535 Punkten.<\/p>\n<p>LCD-Bedienfeld: Benutzerfreundliche Bedienung und Programmierung.<\/p>\n<p>Japanischer Mikro-Schrittmotor: Hochwertige Bewegungssteuerung.<\/p>\n<p>3-Achsen-Bewegungsmuster: Erm\u00f6glicht Punkt-zu-Punkt-, kontinuierliche Linien- und Bogenbewegungen.<\/p>\n<p>E\/A-Signalanschl\u00fcsse: 4 Eing\u00e4nge\/4 Ausg\u00e4nge f\u00fcr flexible Integration.<\/p>","protected":false},"excerpt":{"rendered":"<p>Das 300ED ist ein vielseitiges, einfach zu bedienendes Tischger\u00e4t mit Schwerpunkt auf Wiederholbarkeit und Pr\u00e4zision. Es ist ideal f\u00fcr kleinere Projekte und bietet eine benutzerfreundliche Oberfl\u00e4che und eine Reihe von robusten Funktionen f\u00fcr verschiedene Klebstoffanwendungen.<\/p>","protected":false},"featured_media":21713,"comment_status":"open","ping_status":"closed","template":"","meta":{"iawp_total_views":51},"etheme_brands":[],"product_brand":[],"product_cat":[147,148],"product_tag":[],"class_list":{"0":"post-21917","1":"product","2":"type-product","3":"status-publish","4":"has-post-thumbnail","6":"product_cat-automatic-dispensing-machine","7":"product_cat-glue-dispenser","9":"first","10":"instock","11":"shipping-taxable","12":"product-type-simple"},"_links":{"self":[{"href":"https:\/\/v2smt.com\/de\/wp-json\/wp\/v2\/product\/21917","targetHints":{"allow":["GET"]}}],"collection":[{"href":"https:\/\/v2smt.com\/de\/wp-json\/wp\/v2\/product"}],"about":[{"href":"https:\/\/v2smt.com\/de\/wp-json\/wp\/v2\/types\/product"}],"replies":[{"embeddable":true,"href":"https:\/\/v2smt.com\/de\/wp-json\/wp\/v2\/comments?post=21917"}],"version-history":[{"count":0,"href":"https:\/\/v2smt.com\/de\/wp-json\/wp\/v2\/product\/21917\/revisions"}],"wp:featuredmedia":[{"embeddable":true,"href":"https:\/\/v2smt.com\/de\/wp-json\/wp\/v2\/media\/21713"}],"wp:attachment":[{"href":"https:\/\/v2smt.com\/de\/wp-json\/wp\/v2\/media?parent=21917"}],"wp:term":[{"taxonomy":"brand","embeddable":true,"href":"https:\/\/v2smt.com\/de\/wp-json\/wp\/v2\/etheme_brands?post=21917"},{"taxonomy":"product_brand","embeddable":true,"href":"https:\/\/v2smt.com\/de\/wp-json\/wp\/v2\/product_brand?post=21917"},{"taxonomy":"product_cat","embeddable":true,"href":"https:\/\/v2smt.com\/de\/wp-json\/wp\/v2\/product_cat?post=21917"},{"taxonomy":"product_tag","embeddable":true,"href":"https:\/\/v2smt.com\/de\/wp-json\/wp\/v2\/product_tag?post=21917"}],"curies":[{"name":"wp","href":"https:\/\/api.w.org\/{rel}","templated":true}]}}