{"id":21911,"date":"2024-07-23T15:46:57","date_gmt":"2024-07-23T15:46:57","guid":{"rendered":"https:\/\/v2smt.com\/?post_type=product&#038;p=21911"},"modified":"2024-08-22T17:03:58","modified_gmt":"2024-08-22T17:03:58","slug":"aoi-500-automated-optical-inspection-machine","status":"publish","type":"product","link":"https:\/\/v2smt.com\/de\/products\/aoi-500-automated-optical-inspection-machine\/","title":{"rendered":"AOI 500 Automatisierte optische Inspektionsmaschine"},"content":{"rendered":"<p>1. Hochgeschwindigkeits-Kamera: 5M Pixel intelligente Kamera f\u00fcr detaillierte Inspektionen.<br \/>\n2. Telezentrisches Objektiv: Bietet 5M Pixel Klarheit mit 8-10mm Tiefensch\u00e4rfe.<br \/>\n3. RGB-LED-Beleuchtung: Multi-Winkel-Beleuchtung f\u00fcr gleichm\u00e4\u00dfige Sichtbarkeit.<br \/>\n4. Digitales Kontrollsystem: Erweiterte Licht und Erkennung Parameter-Management.<br \/>\n5. Erkennungsalgorithmen: Vorlagenabgleich, intelligente Erkennung und Kreiserkennung.<br \/>\n6. IPE-Technologie: Anpassbare Bildverarbeitung f\u00fcr verbesserte Erkennung.<br \/>\n7. Hohe Verarbeitungsgeschwindigkeit: Unter 170ms pro FOV f\u00fcr schnelle Analyse.<br \/>\n8. Pr\u00e4zise Erkennungsgeschwindigkeit: 3500mm\u00b2\/s f\u00fcr eine effiziente Qualit\u00e4tskontrolle.<br \/>\n9. Offline-Programmierung: Grafische Schnittstelle f\u00fcr pr\u00e4zises, ferngesteuertes Debugging.<br \/>\n10. Markierungspunktauswahl: W\u00e4hlen Sie mehrere Referenzpunkte f\u00fcr die Genauigkeit.<br \/>\n11. Umfassende Testabdeckung: Erkennt Defekte in L\u00f6tpaste, SMT, Reflow, Wellenl\u00f6ten.<br \/>\n12. Antistatische Ma\u00dfnahmen: Ausgestattet mit antistatischer Buchse und Ring.<br \/>\n13. Flexible PCB Handhabung: Einstellbar f\u00fcr Gr\u00f6\u00dfen von 35\u00d735mm bis 450\u00d7330mm.<br \/>\n14. Robuste mechanische Konstruktion: Das Servomotorensystem gew\u00e4hrleistet eine Pr\u00e4zision von \u22648um.<br \/>\n15. Leistungsstarke Hardware: I5 CPU, 8GB GPU, 16GB RAM f\u00fcr zuverl\u00e4ssigen Betrieb.<\/p>","protected":false},"excerpt":{"rendered":"<p>Die AOI 500 ist eine fortschrittliche automatische optische Inspektionsmaschine, die f\u00fcr die Hochgeschwindigkeits- und Pr\u00e4zisionsqualit\u00e4tskontrolle in der Fertigung entwickelt wurde. Sie verf\u00fcgt \u00fcber eine intelligente 5M-Hochgeschwindigkeits-Industriekamera mit einer Aufl\u00f6sung von 15 Mikrometern, ein telezentrisches Objektiv und eine RGB-LED-Beleuchtung. Das System unterst\u00fctzt verschiedene Erkennungsalgorithmen, darunter Template Matching, intelligente Erkennung, Kreiserkennung und Zeichenerkennung. Mit einer Bildverarbeitungsgeschwindigkeit von weniger als 170 ms pro FOV und einer Erkennungsgeschwindigkeit von 3500 mm\u00b2\/s gew\u00e4hrleistet das AOI 500 effiziente und genaue Inspektionen. Es bietet au\u00dferdem IPE f\u00fcr die benutzerdefinierte Bildverarbeitung und l\u00e4uft unter Windows 10-64Bit mit einem robusten Hardware-Setup.<\/p>","protected":false},"featured_media":21673,"comment_status":"open","ping_status":"closed","template":"","meta":{"iawp_total_views":134},"etheme_brands":[],"product_brand":[],"product_cat":[136],"product_tag":[],"class_list":{"0":"post-21911","1":"product","2":"type-product","3":"status-publish","4":"has-post-thumbnail","6":"product_cat-automated-optical-inspection","8":"first","9":"instock","10":"shipping-taxable","11":"product-type-simple"},"_links":{"self":[{"href":"https:\/\/v2smt.com\/de\/wp-json\/wp\/v2\/product\/21911","targetHints":{"allow":["GET"]}}],"collection":[{"href":"https:\/\/v2smt.com\/de\/wp-json\/wp\/v2\/product"}],"about":[{"href":"https:\/\/v2smt.com\/de\/wp-json\/wp\/v2\/types\/product"}],"replies":[{"embeddable":true,"href":"https:\/\/v2smt.com\/de\/wp-json\/wp\/v2\/comments?post=21911"}],"version-history":[{"count":0,"href":"https:\/\/v2smt.com\/de\/wp-json\/wp\/v2\/product\/21911\/revisions"}],"wp:featuredmedia":[{"embeddable":true,"href":"https:\/\/v2smt.com\/de\/wp-json\/wp\/v2\/media\/21673"}],"wp:attachment":[{"href":"https:\/\/v2smt.com\/de\/wp-json\/wp\/v2\/media?parent=21911"}],"wp:term":[{"taxonomy":"brand","embeddable":true,"href":"https:\/\/v2smt.com\/de\/wp-json\/wp\/v2\/etheme_brands?post=21911"},{"taxonomy":"product_brand","embeddable":true,"href":"https:\/\/v2smt.com\/de\/wp-json\/wp\/v2\/product_brand?post=21911"},{"taxonomy":"product_cat","embeddable":true,"href":"https:\/\/v2smt.com\/de\/wp-json\/wp\/v2\/product_cat?post=21911"},{"taxonomy":"product_tag","embeddable":true,"href":"https:\/\/v2smt.com\/de\/wp-json\/wp\/v2\/product_tag?post=21911"}],"curies":[{"name":"wp","href":"https:\/\/api.w.org\/{rel}","templated":true}]}}