{"id":21905,"date":"2024-07-23T15:33:53","date_gmt":"2024-07-23T15:33:53","guid":{"rendered":"https:\/\/v2smt.com\/?post_type=product&#038;p=21905"},"modified":"2024-08-22T17:03:58","modified_gmt":"2024-08-22T17:03:58","slug":"intelligent-material-rack","status":"publish","type":"product","link":"https:\/\/v2smt.com\/de\/products\/intelligent-material-rack\/","title":{"rendered":"Intelligentes Materialregal"},"content":{"rendered":"<p>Intelligente Speichersystem-Integration: Verbessert die Materialvorbereitung durch Datensynchronisation.<\/p>\n<p>Elektronische Etikettenlicht-gef\u00fchrte Kommissionierung: Verbessert die Genauigkeit und Effizienz der Kommissionierung.<\/p>\n<p>Multi-Arbeitsauftrag-F\u00e4higkeit: Verwalten Sie m\u00fchelos gleichzeitige Arbeitsauftr\u00e4ge.<\/p>\n<p>Kompatibel mit verschiedenen Rollengr\u00f6\u00dfen: Geeignet f\u00fcr 7-Zoll-, 13-Zoll- und 15-Zoll-Rollen.<\/p>\n<p>WIFI-Kommunikation: Robuste drahtlose Verbindung mit einer Reichweite von 1-300 Metern.<\/p>\n<p>Barcode-Scannen f\u00fcr schnelle Materialortung: Vereinfacht die Identifizierung und den Abruf von Materialien.<\/p>\n<p>Langlebige Akkulaufzeit: Erm\u00f6glicht einen Dauerbetrieb von bis zu 48 Stunden.<\/p>\n<p>Offene Kommunikationsschnittstelle: Erleichtert die Integration mit dem SEAMARK-Z\u00e4hlmaschinensystem.<\/p>\n<p>Integration von MES und WMS\/ERP: Unterst\u00fctzt Aktualisierungen des Materialstatus und Bestandsberechnungen in Echtzeit.<\/p>\n<p>RGB-LED-Beleuchtung: Bietet mehrere Farboptionen f\u00fcr vielseitige Beleuchtungsanforderungen.<\/p>","protected":false},"excerpt":{"rendered":"<p>Das Sensor Intelligent Material Rack ist eine hochmoderne Lagerl\u00f6sung zur Optimierung des Materialhandlings in SMT-Produktionsumgebungen. Dieses intelligente Lagersystem l\u00e4sst sich nahtlos in Montagelinien integrieren und bietet automatisierte R\u00f6ntgen-SMD-Bauteilz\u00e4hl- und Lagerungsfunktionen. Es ist auf die unterschiedlichen Lageranforderungen von kleinen bis hin zu gro\u00dfen Unternehmen zugeschnitten.<\/p>","protected":false},"featured_media":21682,"comment_status":"open","ping_status":"closed","template":"","meta":{"iawp_total_views":137},"etheme_brands":[],"product_brand":[],"product_cat":[156],"product_tag":[],"class_list":{"0":"post-21905","1":"product","2":"type-product","3":"status-publish","4":"has-post-thumbnail","6":"product_cat-intelligent-material-rack","8":"first","9":"instock","10":"shipping-taxable","11":"product-type-simple"},"_links":{"self":[{"href":"https:\/\/v2smt.com\/de\/wp-json\/wp\/v2\/product\/21905","targetHints":{"allow":["GET"]}}],"collection":[{"href":"https:\/\/v2smt.com\/de\/wp-json\/wp\/v2\/product"}],"about":[{"href":"https:\/\/v2smt.com\/de\/wp-json\/wp\/v2\/types\/product"}],"replies":[{"embeddable":true,"href":"https:\/\/v2smt.com\/de\/wp-json\/wp\/v2\/comments?post=21905"}],"version-history":[{"count":0,"href":"https:\/\/v2smt.com\/de\/wp-json\/wp\/v2\/product\/21905\/revisions"}],"wp:featuredmedia":[{"embeddable":true,"href":"https:\/\/v2smt.com\/de\/wp-json\/wp\/v2\/media\/21682"}],"wp:attachment":[{"href":"https:\/\/v2smt.com\/de\/wp-json\/wp\/v2\/media?parent=21905"}],"wp:term":[{"taxonomy":"brand","embeddable":true,"href":"https:\/\/v2smt.com\/de\/wp-json\/wp\/v2\/etheme_brands?post=21905"},{"taxonomy":"product_brand","embeddable":true,"href":"https:\/\/v2smt.com\/de\/wp-json\/wp\/v2\/product_brand?post=21905"},{"taxonomy":"product_cat","embeddable":true,"href":"https:\/\/v2smt.com\/de\/wp-json\/wp\/v2\/product_cat?post=21905"},{"taxonomy":"product_tag","embeddable":true,"href":"https:\/\/v2smt.com\/de\/wp-json\/wp\/v2\/product_tag?post=21905"}],"curies":[{"name":"wp","href":"https:\/\/api.w.org\/{rel}","templated":true}]}}