{"id":21865,"date":"2024-07-23T15:33:51","date_gmt":"2024-07-23T15:33:51","guid":{"rendered":"https:\/\/v2smt.com\/?post_type=product&#038;p=21865"},"modified":"2024-08-22T17:03:56","modified_gmt":"2024-08-22T17:03:56","slug":"lead-free-reflow-oven-ty-tech-6010","status":"publish","type":"product","link":"https:\/\/v2smt.com\/de\/products\/lead-free-reflow-oven-ty-tech-6010\/","title":{"rendered":"Bleifreier Reflow-Ofen TY-Tech 6010"},"content":{"rendered":"<p>1. Computer-SPS-Steuerungssystem<br \/>\n2. Energiesparendes Ofendesign<br \/>\n3. Unabh\u00e4ngige Temperaturkontrolle<br \/>\n4. Einstellung der Drehzahl des Frequenzumrichters<br \/>\n5. Axiall\u00fcfter-K\u00fchlung<br \/>\n6. Umfassendes Schutzsystem<br \/>\n7. Mesh Belt Conveyor System<br \/>\n8. Automatische\/manuelle Schmierung<br \/>\n9. Auto-Elektrohaube<br \/>\n10. F\u00e4higkeit zur Datenspeicherung<\/p>","protected":false},"excerpt":{"rendered":"<p>Der TY-Tech 6010 ist ein bleifreier Hei\u00dfluft-Reflow-Ofen mit einem Computer-SPS-Steuerungssystem f\u00fcr Stabilit\u00e4t und Zuverl\u00e4ssigkeit. Mit 12 Heizmodulen, 4 K\u00fchlzonen und einem Gitterbandf\u00f6rderer sorgt er f\u00fcr gleichm\u00e4\u00dfige Temperaturen und effizientes L\u00f6ten von Leiterplatten. Sein benutzerfreundliches Steuerungssystem und seine Sicherheitsfunktionen machen ihn zu einer ausgezeichneten Wahl f\u00fcr pr\u00e4zise L\u00f6tanforderungen.<\/p>","protected":false},"featured_media":21688,"comment_status":"open","ping_status":"closed","template":"","meta":{"iawp_total_views":67},"etheme_brands":[],"product_brand":[],"product_cat":[140],"product_tag":[],"class_list":{"0":"post-21865","1":"product","2":"type-product","3":"status-publish","4":"has-post-thumbnail","6":"product_cat-reflow-soldering","8":"first","9":"instock","10":"shipping-taxable","11":"product-type-simple"},"_links":{"self":[{"href":"https:\/\/v2smt.com\/de\/wp-json\/wp\/v2\/product\/21865","targetHints":{"allow":["GET"]}}],"collection":[{"href":"https:\/\/v2smt.com\/de\/wp-json\/wp\/v2\/product"}],"about":[{"href":"https:\/\/v2smt.com\/de\/wp-json\/wp\/v2\/types\/product"}],"replies":[{"embeddable":true,"href":"https:\/\/v2smt.com\/de\/wp-json\/wp\/v2\/comments?post=21865"}],"version-history":[{"count":0,"href":"https:\/\/v2smt.com\/de\/wp-json\/wp\/v2\/product\/21865\/revisions"}],"wp:featuredmedia":[{"embeddable":true,"href":"https:\/\/v2smt.com\/de\/wp-json\/wp\/v2\/media\/21688"}],"wp:attachment":[{"href":"https:\/\/v2smt.com\/de\/wp-json\/wp\/v2\/media?parent=21865"}],"wp:term":[{"taxonomy":"brand","embeddable":true,"href":"https:\/\/v2smt.com\/de\/wp-json\/wp\/v2\/etheme_brands?post=21865"},{"taxonomy":"product_brand","embeddable":true,"href":"https:\/\/v2smt.com\/de\/wp-json\/wp\/v2\/product_brand?post=21865"},{"taxonomy":"product_cat","embeddable":true,"href":"https:\/\/v2smt.com\/de\/wp-json\/wp\/v2\/product_cat?post=21865"},{"taxonomy":"product_tag","embeddable":true,"href":"https:\/\/v2smt.com\/de\/wp-json\/wp\/v2\/product_tag?post=21865"}],"curies":[{"name":"wp","href":"https:\/\/api.w.org\/{rel}","templated":true}]}}